{"id":29,"date":"2026-01-30T20:56:46","date_gmt":"2026-01-30T19:56:46","guid":{"rendered":"https:\/\/3rok.pl\/d15\/?page_id=29"},"modified":"2026-02-09T14:44:25","modified_gmt":"2026-02-09T13:44:25","slug":"omnie","status":"publish","type":"page","link":"https:\/\/3rok.pl\/d15\/omnie\/","title":{"rendered":"O mnie"},"content":{"rendered":"<div class=\"wpb-content-wrapper\"><p>[vc_row full_width=&#8221;stretch_row&#8221; css=&#8221;.vc_custom_1770590156848{background-color: #A2CDFA !important;}&#8221;][vc_column width=&#8221;2\/3&#8243;][vc_empty_space][vc_column_text css=&#8221;&#8221;]<\/p>\n<p style=\"text-align: left;\">Studentka designu III roku na Wydziale Sztuki Akademii Tarnowskiej, jestem r\u00f3wnie\u017c absolwentk\u0105 Technikum Grafiki i Poligrafii Cyfrowej. W wolnym czasie poszerzam swoj\u0105 wiedz\u0119 tworz\u0105c nowe projekty, maluj\u0105c obrazy i czytaj\u0105c ksi\u0105\u017cki zwi\u0105zane ze sztuk\u0105.<\/p>\n<p>To po\u0142\u0105czenie dw\u00f3ch \u015bwiat\u00f3w \u2013 technicznego i artystycznego \u2013 traktuj\u0119 jako sw\u00f3j najwi\u0119kszy atut. Dzi\u0119ki solidnym podstawom z zakresu poligrafii, projektuj\u0105c, wybiegam my\u015blami naprz\u00f3d, dbaj\u0105c o to, by moje wizje by\u0142y nie tylko estetyczne, ale i w pe\u0142ni wykonalne realizacyjnie. Wierz\u0119, \u017ce dobry design rodzi si\u0119 na styku kreatywnej swobody i technologicznej precyzji, dlatego w moich pracach funkcjonalno\u015b\u0107 zawsze idzie w parze z form\u0105.[\/vc_column_text][\/vc_column][vc_column css_animation=&#8221;bottom-to-top&#8221; width=&#8221;1\/3&#8243;][vc_single_image image=&#8221;115&#8243; img_size=&#8221;extra&#8221; alignment=&#8221;right&#8221; style=&#8221;vc_box_outline_circle_2&#8243; css_animation=&#8221;zoomInRight&#8221; css=&#8221;&#8221;][\/vc_column][\/vc_row][vc_row][vc_column][vc_text_separator title=&#8221;About me&#8221; color=&#8221;sky&#8221; css=&#8221;&#8221;][\/vc_column][\/vc_row][vc_row full_width=&#8221;stretch_row&#8221; gap=&#8221;5&#8243; css=&#8221;.vc_custom_1770644353505{background-color: #B3DEFF !important;}&#8221;][vc_column width=&#8221;2\/3&#8243;][vc_column_text css=&#8221;&#8221;]A third-year design student at the Faculty of Art at the Tarn\u00f3w Academy, I also graduated from the Technical School of Graphics and Digital Printing. In my free time, I expand my knowledge by creating new projects, painting, and reading art-related books.<\/p>\n<p>I consider this fusion of two worlds \u2013 technical and artistic \u2013 to be my greatest asset. Thanks to my solid foundation in printing, I think ahead when designing, ensuring that my visions are not only aesthetically pleasing but also fully feasible. I believe that good design is born at the intersection of creative freedom and technological precision, which is why functionality always goes hand in hand with form in my work.[\/vc_column_text][\/vc_column][vc_column width=&#8221;1\/3&#8243;][vc_single_image image=&#8221;131&#8243; img_size=&#8221;300&#215;300&#8243; alignment=&#8221;center&#8221; style=&#8221;vc_box_outline_circle_2&#8243; css_animation=&#8221;bounceInUp&#8221; css=&#8221;&#8221;][\/vc_column][\/vc_row]<\/p>\n<\/div>","protected":false},"excerpt":{"rendered":"<p>[vc_row full_width=&#8221;stretch_row&#8221; css=&#8221;.vc_custom_1770590156848{background-color: #A2CDFA !important;}&#8221;][vc_column width=&#8221;2\/3&#8243;][vc_empty_space][vc_column_text css=&#8221;&#8221;] Studentka designu III roku na Wydziale Sztuki Akademii Tarnowskiej, jestem r\u00f3wnie\u017c absolwentk\u0105 Technikum Grafiki i Poligrafii Cyfrowej. W wolnym czasie poszerzam swoj\u0105 wiedz\u0119 [&hellip;]<\/p>\n","protected":false},"author":1,"featured_media":0,"parent":0,"menu_order":0,"comment_status":"closed","ping_status":"closed","template":"","meta":{"footnotes":""},"class_list":["post-29","page","type-page","status-publish","hentry"],"_links":{"self":[{"href":"https:\/\/3rok.pl\/d15\/wp-json\/wp\/v2\/pages\/29","targetHints":{"allow":["GET"]}}],"collection":[{"href":"https:\/\/3rok.pl\/d15\/wp-json\/wp\/v2\/pages"}],"about":[{"href":"https:\/\/3rok.pl\/d15\/wp-json\/wp\/v2\/types\/page"}],"author":[{"embeddable":true,"href":"https:\/\/3rok.pl\/d15\/wp-json\/wp\/v2\/users\/1"}],"replies":[{"embeddable":true,"href":"https:\/\/3rok.pl\/d15\/wp-json\/wp\/v2\/comments?post=29"}],"version-history":[{"count":33,"href":"https:\/\/3rok.pl\/d15\/wp-json\/wp\/v2\/pages\/29\/revisions"}],"predecessor-version":[{"id":816,"href":"https:\/\/3rok.pl\/d15\/wp-json\/wp\/v2\/pages\/29\/revisions\/816"}],"wp:attachment":[{"href":"https:\/\/3rok.pl\/d15\/wp-json\/wp\/v2\/media?parent=29"}],"curies":[{"name":"wp","href":"https:\/\/api.w.org\/{rel}","templated":true}]}}