{"id":34,"date":"2026-01-16T17:46:00","date_gmt":"2026-01-16T16:46:00","guid":{"rendered":"https:\/\/3rok.pl\/d11\/?page_id=34"},"modified":"2026-02-06T19:21:41","modified_gmt":"2026-02-06T18:21:41","slug":"34-2","status":"publish","type":"page","link":"https:\/\/3rok.pl\/d11\/","title":{"rendered":"amelka morelka"},"content":{"rendered":"<div class=\"wpb-content-wrapper\">[vc_row full_width=&#8221;stretch_row&#8221; css_animation=&#8221;fadeIn&#8221; disable_element=&#8221;yes&#8221; css=&#8221;.vc_custom_1769797306630{background-color: #64A0FF !important;}&#8221;][vc_column width=&#8221;1\/6&#8243;][vc_single_image image=&#8221;28&#8243; img_size=&#8221;40&#215;40&#8243; css=&#8221;&#8221;][\/vc_column][vc_column css_animation=&#8221;bounceIn&#8221; width=&#8221;1\/6&#8243;][vc_column_text css=&#8221;&#8221;]\n<p style=\"text-align: center;\"><a href=\"#o_mnie\">o mnie<\/a><\/p>\n[\/vc_column_text][\/vc_column][vc_column width=&#8221;1\/6&#8243; css=&#8221;.vc_custom_1769191243860{background-color: #A2EA7300 !important;border-radius: 20px !important;}&#8221;][vc_column_text css=&#8221;&#8221;]\n<p style=\"text-align: center;\">do\u015bwiadczenie<\/p>\n[\/vc_column_text][\/vc_column][vc_column css_animation=&#8221;bounceIn&#8221; width=&#8221;1\/6&#8243;][vc_column_text css=&#8221;&#8221;]\n<p style=\"text-align: center;\">portfolio<\/p>\n[\/vc_column_text][\/vc_column][vc_column width=&#8221;1\/6&#8243;][vc_column_text css=&#8221;&#8221;]\n<p style=\"text-align: center;\">wystawy<\/p>\n[\/vc_column_text][\/vc_column][vc_column width=&#8221;1\/6&#8243;][vc_column_text css=&#8221;&#8221;]\n<p style=\"text-align: center;\">kontakt<\/p>\n[\/vc_column_text][\/vc_column][\/vc_row][vc_row full_width=&#8221;stretch_row_content&#8221; css_animation=&#8221;fadeIn&#8221; css=&#8221;.vc_custom_1770304846152{background-color: #000000 !important;}&#8221; el_class=&#8221;page_header&#8221;][vc_column width=&#8221;1\/6&#8243;][vc_single_image image=&#8221;164&#8243; img_size=&#8221;40&#215;40&#8243; css=&#8221;.vc_custom_1770389161448{padding-left: 20px !important;}&#8221;][\/vc_column][vc_column css_animation=&#8221;bounceIn&#8221; width=&#8221;5\/6&#8243; css=&#8221;.vc_custom_1769797733262{margin-top: 7px !important;}&#8221;][vc_row_inner][vc_column_inner width=&#8221;1\/5&#8243;][vc_column_text css=&#8221;&#8221;]\n<p style=\"text-align: center;\"><a href=\"#o_mnie\"><span style=\"color: #3366ff;\"><span style=\"font-family: 'trebuchet ms', geneva;\">o mnie<\/span><\/span><\/a><\/p>\n[\/vc_column_text][\/vc_column_inner][vc_column_inner width=&#8221;1\/5&#8243;][vc_column_text css=&#8221;.vc_custom_1770310293524{border-color: #FFBB6100 !important;}&#8221;]\n<p style=\"text-align: center;\"><a href=\"#doswiadczenie\"><span style=\"font-family: 'trebuchet ms', geneva; color: #ffbb61;\">do\u015bwiadczenie<\/span><\/a><\/p>\n[\/vc_column_text][\/vc_column_inner][vc_column_inner width=&#8221;1\/5&#8243;][vc_column_text css=&#8221;&#8221;]\n<p style=\"text-align: center;\"><a href=\"#portfolio\"><span style=\"font-family: 'trebuchet ms', geneva; color: #987fe4;\">portfolio<\/span><\/a><\/p>\n[\/vc_column_text][\/vc_column_inner][vc_column_inner width=&#8221;1\/5&#8243;][vc_column_text css=&#8221;&#8221;]\n<p style=\"text-align: center;\"><a href=\"#wystawy\"><span style=\"font-family: 'trebuchet ms', geneva; color: #a2ea73;\">wystawy<\/span><\/a><\/p>\n[\/vc_column_text][\/vc_column_inner][vc_column_inner width=&#8221;1\/5&#8243;][vc_column_text css=&#8221;&#8221;]\n<p style=\"text-align: center;\"><a href=\"#kontakt\"><span style=\"font-family: 'trebuchet ms', geneva; color: #64a0ff;\">kontakt<\/span><\/a><\/p>\n[\/vc_column_text][\/vc_column_inner][\/vc_row_inner][\/vc_column][\/vc_row][vc_row css=&#8221;.vc_custom_1770391274598{padding-top: 35px !important;}&#8221; el_id=&#8221;o_mnie&#8221;][vc_column][vc_column_text css_animation=&#8221;fadeIn&#8221; css=&#8221;.vc_custom_1770309949307{margin-top: 35px !important;padding-top: 35px !important;}&#8221;]\n<h1><span style=\"font-size: 56px; font-family: 'trebuchet ms', geneva; color: #000000;\"><strong>O MNIE<\/strong><\/span><\/h1>\n[\/vc_column_text][\/vc_column][\/vc_row][vc_row full_width=&#8221;stretch_row&#8221; css_animation=&#8221;fadeIn&#8221; css=&#8221;.vc_custom_1770304471427{padding-top: 10vh !important;padding-bottom: 20vh !important;background: #4F55B5 url(https:\/\/3rok.pl\/d11\/wp-content\/uploads\/2026\/02\/bg.jpg?id=418) !important;background-position: center !important;background-repeat: no-repeat !important;background-size: cover !important;}&#8221;][vc_column css_animation=&#8221;bounceIn&#8221; width=&#8221;1\/2&#8243; css=&#8221;.vc_custom_1770304195678{margin-right: 35px !important;padding-right: 0px !important;}&#8221;][vc_empty_space height=&#8221;40pxpx&#8221;][vc_column_text css=&#8221;&#8221;]<span style=\"font-size: 18px; font-family: 'trebuchet ms', geneva; color: #ffffff;\">Nazywam si\u0119<\/span>[\/vc_column_text][vc_custom_heading text=&#8221;Amelia Diaczuk&#8221; font_container=&#8221;tag:h2|font_size:74|text_align:left|color:%23FFBB61&#8243; google_fonts=&#8221;font_family:Zeyada%3Aregular|font_style:400%20regular%3A400%3Anormal&#8221; css=&#8221;&#8221;][vc_column_text css=&#8221;.vc_custom_1770391349785{margin-top: 0px !important;margin-right: 35px !important;border-top-width: 0px !important;border-right-width: 35px !important;padding-top: 0px !important;padding-right: 35px !important;background-color: #81D74200 !important;border-radius: 10px !important;border-color: #FFFFFF !important;}&#8221;]<span style=\"font-family: 'trebuchet ms', geneva; color: #ffffff;\"><span style=\"font-size: 18px;\">Wci\u0105\u017c szukam swojego miejsca na \u015bwiecie, co <\/span><span style=\"font-size: 18px;\">chwil\u0119 dowiaduj\u0119 si\u0119 czego\u015b nowego i kszta\u0142tuj\u0119 w\u0142asny spos\u00f3b my\u015blenia.<\/span><\/span><\/p>\n<p><span style=\"font-family: 'trebuchet ms', geneva; color: #ffffff;\"><span style=\"font-size: 18px;\">Tworz\u0119 w zakresie sztuk plastycznych, wizualnych i u\u017cytkowych. Inspiracje znajduj\u0119 zar\u00f3wno w przestrzeni miejskiej jak i w plenerze, na osobno\u015bci i w towarzystwie.<\/span><\/span><\/p>\n<p><span style=\"font-family: 'trebuchet ms', geneva; color: #ffffff;\"><span style=\"font-size: 18px;\">Prywatnie&#8230; kocham muzyk\u0119 i morze. Zachwyca mnie polskie malarstowo XX wieku. W wolnej chwili lubi\u0119 popatrze\u0107 na ptaki.<\/span><\/span>[\/vc_column_text][\/vc_column][vc_column width=&#8221;1\/2&#8243;][\/vc_column][\/vc_row][vc_row el_id=&#8221;doswiadczenie&#8221; css=&#8221;.vc_custom_1770314780376{padding-top: 50px !important;}&#8221;][vc_column][vc_column_text css=&#8221;.vc_custom_1770314775936{margin-top: 35px !important;padding-top: 35px !important;}&#8221;]\n<h1><span style=\"font-size: 56px; font-family: 'trebuchet ms', geneva; color: #000000;\"><strong>DO\u015aWIADCZENIE<\/strong><\/span><\/h1>\n[\/vc_column_text][\/vc_column][\/vc_row][vc_row full_width=&#8221;stretch_row&#8221; css_animation=&#8221;bounceIn&#8221; css=&#8221;.vc_custom_1770299585375{background-color: #FFBB6100 !important;}&#8221;][vc_column css_animation=&#8221;bounceIn&#8221; width=&#8221;1\/2&#8243;][vc_empty_space height=&#8221;40pxpx&#8221;][vc_empty_space height=&#8221;40pxpx&#8221;][vc_single_image image=&#8221;114&#8243; img_size=&#8221;Full&#8221; css=&#8221;&#8221;][vc_empty_space height=&#8221;40pxpx&#8221;][vc_empty_space height=&#8221;40pxpx&#8221;][\/vc_column][vc_column width=&#8221;1\/2&#8243;][vc_custom_heading text=&#8221;Wykszta\u0142cenie:&#8221; font_container=&#8221;tag:h2|font_size:74|text_align:left|color:%23A2EA73&#8243; google_fonts=&#8221;font_family:Zeyada%3Aregular|font_style:400%20regular%3A400%3Anormal&#8221; css=&#8221;&#8221;][vc_column_text css=&#8221;&#8221;]<span style=\"font-family: 'trebuchet ms', geneva; font-size: 18px;\">Jestem student\u0105 III roku designu na Wydziale Sztuki Akademii Tarnowskiej. W 2025 roku odby\u0142am praktyki w Pasa\u017cu Odkry\u0107 \u2013 Centrum Nauki i Techniki w Tarnowie na stanowisku asystenta projektanta.<\/span>[\/vc_column_text][vc_custom_heading text=&#8221;Co potrafi\u0119?&#8221; font_container=&#8221;tag:h2|font_size:74|text_align:left|color:%23987FE4&#8243; google_fonts=&#8221;font_family:Zeyada%3Aregular|font_style:400%20regular%3A400%3Anormal&#8221; css=&#8221;&#8221;][vc_column_text css=&#8221;&#8221;]<span style=\"font-family: 'trebuchet ms', geneva; font-size: 18px;\">Obs\u0142ugiwa\u0107 programy graficzne pakietu Adobe:<\/span><\/p>\n<ul>\n<li><span style=\"font-family: 'trebuchet ms', geneva; font-size: 18px;\">grafika wektorowa: Illustrator \/ InDesign<\/span><\/li>\n<li><span style=\"font-family: 'trebuchet ms', geneva; font-size: 18px;\">grafika rastrowa: Photoshop \/ Lightroom<\/span><\/li>\n<li><span style=\"font-family: 'trebuchet ms', geneva; font-size: 18px;\">grafika ruchoma: After Effects \/ Premiere Pro<\/span><\/li>\n<\/ul>\n<p><span style=\"font-size: 18px; font-family: 'trebuchet ms', geneva;\">a tak\u017ce programy do projektowania 3D:\u00a0<\/span><\/p>\n<ul>\n<li><span style=\"font-size: 18px; font-family: 'trebuchet ms', geneva;\">Autodesk Fusion<\/span><\/li>\n<li><span style=\"font-size: 18px; font-family: 'trebuchet ms', geneva;\">Blender<\/span><\/li>\n<\/ul>\n[\/vc_column_text][vc_empty_space height=&#8221;40pxpx&#8221;][vc_empty_space height=&#8221;40pxpx&#8221;][\/vc_column][\/vc_row][vc_row el_id=&#8221;portfolio&#8221; css=&#8221;.vc_custom_1770314913144{padding-top: 50px !important;}&#8221;][vc_column][vc_column_text css=&#8221;.vc_custom_1770314917612{margin-top: 35px !important;padding-top: 35px !important;}&#8221;]\n<h1><span style=\"font-size: 56px; font-family: 'trebuchet ms', geneva; color: #000000;\"><strong>PORTFOLIO<\/strong><\/span><\/h1>\n[\/vc_column_text][\/vc_column][\/vc_row][vc_row][vc_column css_animation=&#8221;fadeInLeft&#8221; width=&#8221;1\/3&#8243; css=&#8221;.vc_custom_1769193381478{background-color: #FFBB61 !important;}&#8221;][vc_custom_heading text=&#8221;rysunek&#8221; font_container=&#8221;tag:h2|font_size:36|text_align:left|color:%23000000&#8243; google_fonts=&#8221;font_family:Zeyada%3Aregular|font_style:400%20regular%3A400%3Anormal&#8221; css=&#8221;&#8221;][vc_gallery interval=&#8221;3&#8243; images=&#8221;211,212,210,220,209&#8243; img_size=&#8221;400&#215;500&#8243; css_animation=&#8221;fadeIn&#8221; css=&#8221;&#8221;][\/vc_column][vc_column css_animation=&#8221;fadeInDown&#8221; width=&#8221;1\/3&#8243; css=&#8221;.vc_custom_1770297370838{background-color: #987FE4 !important;border-color: #00000000 !important;}&#8221;][vc_custom_heading text=&#8221;malarstwo&#8221; font_container=&#8221;tag:h2|font_size:36|text_align:left|color:%23000000&#8243; google_fonts=&#8221;font_family:Zeyada%3Aregular|font_style:400%20regular%3A400%3Anormal&#8221; css=&#8221;&#8221;][vc_gallery interval=&#8221;3&#8243; images=&#8221;238,243,242,203,206,239&#8243; img_size=&#8221;400&#215;500&#8243; css=&#8221;&#8221;][\/vc_column][vc_column css_animation=&#8221;fadeInRight&#8221; width=&#8221;1\/3&#8243; css=&#8221;.vc_custom_1769193423606{background-color: #A2EA73 !important;}&#8221;][vc_custom_heading text=&#8221;rze\u017aba&#8221; font_container=&#8221;tag:h2|font_size:36|text_align:left|color:%23000000&#8243; google_fonts=&#8221;font_family:Zeyada%3Aregular|font_style:400%20regular%3A400%3Anormal&#8221; css=&#8221;&#8221;][vc_gallery interval=&#8221;3&#8243; images=&#8221;217,218,216,215,214,213&#8243; img_size=&#8221;400&#215;500&#8243; css=&#8221;&#8221;][\/vc_column][\/vc_row][vc_row][vc_column css_animation=&#8221;fadeInLeft&#8221; width=&#8221;1\/3&#8243; css=&#8221;.vc_custom_1769193463615{background-color: #A2EA73 !important;}&#8221;][vc_custom_heading text=&#8221;fotografia&#8221; font_container=&#8221;tag:h2|font_size:36|text_align:left|color:%23000000&#8243; google_fonts=&#8221;font_family:Zeyada%3Aregular|font_style:400%20regular%3A400%3Anormal&#8221; css=&#8221;&#8221;][vc_gallery interval=&#8221;3&#8243; images=&#8221;374,371,185,184,364,366,370,369&#8243; img_size=&#8221;400&#215;500&#8243; css=&#8221;&#8221;][\/vc_column][vc_column css_animation=&#8221;fadeInUp&#8221; width=&#8221;1\/3&#8243; css=&#8221;.vc_custom_1770315424328{background-color: #4F55B5 !important;}&#8221;][vc_custom_heading text=&#8221;projektowanie produktu&#8221; font_container=&#8221;tag:h2|font_size:36|text_align:left|color:%23000000&#8243; google_fonts=&#8221;font_family:Zeyada%3Aregular|font_style:400%20regular%3A400%3Anormal&#8221; css=&#8221;&#8221;][vc_gallery interval=&#8221;3&#8243; images=&#8221;189,357,240,198&#8243; img_size=&#8221;400&#215;500&#8243; css=&#8221;&#8221;][\/vc_column][vc_column css_animation=&#8221;fadeInRight&#8221; width=&#8221;1\/3&#8243; css=&#8221;.vc_custom_1769194793039{background-color: #FFBB61 !important;}&#8221;][vc_custom_heading text=&#8221;projektowanie graficzne&#8221; font_container=&#8221;tag:h2|font_size:36|text_align:left|color:%23000000&#8243; google_fonts=&#8221;font_family:Zeyada%3Aregular|font_style:400%20regular%3A400%3Anormal&#8221; css=&#8221;&#8221;][vc_gallery interval=&#8221;3&#8243; images=&#8221;363,358,188,187,361,362&#8243; img_size=&#8221;400&#215;500&#8243; css=&#8221;&#8221;][\/vc_column][\/vc_row][vc_row css=&#8221;.vc_custom_1770391111518{margin-top: px !important;padding-top: 50px !important;}&#8221; el_id=&#8221;wystawy&#8221;][vc_column][vc_column_text css=&#8221;.vc_custom_1770390972507{margin-top: 35px !important;padding-top: 35px !important;}&#8221;]\n<h1><span style=\"font-size: 56px; font-family: 'trebuchet ms', geneva; color: #000000;\"><strong>WYSTAWY<\/strong><\/span><\/h1>\n[\/vc_column_text][\/vc_column][\/vc_row][vc_row full_width=&#8221;stretch_row&#8221; css_animation=&#8221;fadeInRight&#8221; css=&#8221;.vc_custom_1770297347252{background-color: #987FE400 !important;}&#8221;][vc_column][vc_empty_space height=&#8221;20pxpx&#8221;][vc_custom_heading text=&#8221;2026&#8243; font_container=&#8221;tag:h2|font_size:74|text_align:left|color:%23987FE4&#8243; google_fonts=&#8221;font_family:Zeyada%3Aregular|font_style:400%20regular%3A400%3Anormal&#8221; css=&#8221;&#8221;][vc_column_text css=&#8221;&#8221;]\n<h5><span style=\"font-family: 'trebuchet ms', geneva; font-size: 24px;\">Tarn\u00f3w \u2013 Wystawa Prac Student\u00f3w Designu Akademii Tarnowskiej w Muzeum Diecezjalnym<\/span><\/h5>\n[\/vc_column_text][vc_empty_space height=&#8221;40pxpx&#8221;][\/vc_column][\/vc_row][vc_row full_width=&#8221;stretch_row&#8221; css_animation=&#8221;fadeInLeft&#8221; css=&#8221;.vc_custom_1770297716350{background-color: #987FE400 !important;}&#8221;][vc_column][vc_empty_space height=&#8221;20pxpx&#8221;][vc_custom_heading text=&#8221;2025&#8243; font_container=&#8221;tag:h2|font_size:74|text_align:left|color:%23FFBB61&#8243; google_fonts=&#8221;font_family:Zeyada%3Aregular|font_style:400%20regular%3A400%3Anormal&#8221; css=&#8221;&#8221;][vc_column_text css=&#8221;&#8221;]\n<h5><span style=\"font-family: 'trebuchet ms', geneva; font-size: 24px;\">Tarn\u00f3w \u2013 Wystawa Prac Student\u00f3w Designu Akademii Tarnowskiej w Ratuszu<\/span><\/h5>\n[\/vc_column_text][\/vc_column][\/vc_row][vc_row el_id=&#8221;kontakt&#8221; css=&#8221;.vc_custom_1770390893314{padding-top: 50px !important;}&#8221;][vc_column][vc_column_text css=&#8221;.vc_custom_1770390899424{margin-top: 35px !important;padding-top: 35px !important;}&#8221;]<span style=\"font-size: 56px; font-family: 'trebuchet ms', geneva; color: #000000;\"><strong>KONTAKT<\/strong><\/span>[\/vc_column_text][\/vc_column][\/vc_row][vc_row][vc_column]\n<div class=\"wpcf7 no-js\" id=\"wpcf7-f471-o1\" lang=\"pl-PL\" dir=\"ltr\" data-wpcf7-id=\"471\">\n<div class=\"screen-reader-response\"><p role=\"status\" aria-live=\"polite\" aria-atomic=\"true\"><\/p> <ul><\/ul><\/div>\n<form action=\"\/d11\/wp-json\/wp\/v2\/pages\/34#wpcf7-f471-o1\" method=\"post\" class=\"wpcf7-form init\" aria-label=\"Formularz kontaktowy\" novalidate=\"novalidate\" data-status=\"init\">\n<fieldset class=\"hidden-fields-container\"><input type=\"hidden\" name=\"_wpcf7\" value=\"471\" \/><input type=\"hidden\" name=\"_wpcf7_version\" value=\"6.1.4\" \/><input type=\"hidden\" name=\"_wpcf7_locale\" value=\"pl_PL\" \/><input type=\"hidden\" name=\"_wpcf7_unit_tag\" value=\"wpcf7-f471-o1\" \/><input type=\"hidden\" name=\"_wpcf7_container_post\" value=\"0\" \/><input type=\"hidden\" name=\"_wpcf7_posted_data_hash\" value=\"\" \/>\n<\/fieldset>\n<p><label> imi\u0119 i nazwisko<br \/>\n<span class=\"wpcf7-form-control-wrap\" data-name=\"your-name\"><input size=\"40\" maxlength=\"400\" class=\"wpcf7-form-control wpcf7-text wpcf7-validates-as-required\" autocomplete=\"name\" aria-required=\"true\" aria-invalid=\"false\" value=\"\" type=\"text\" name=\"your-name\" \/><\/span> <\/label>\n<\/p>\n<p><label> adres e-mail<br \/>\n<span class=\"wpcf7-form-control-wrap\" data-name=\"your-email\"><input size=\"40\" maxlength=\"400\" class=\"wpcf7-form-control wpcf7-email wpcf7-validates-as-required wpcf7-text wpcf7-validates-as-email\" autocomplete=\"email\" aria-required=\"true\" aria-invalid=\"false\" value=\"\" type=\"email\" name=\"your-email\" \/><\/span> <\/label>\n<\/p>\n<p><label> telefon<br \/>\n<span class=\"wpcf7-form-control-wrap\" data-name=\"tel-165\"><input size=\"40\" maxlength=\"9\" minlength=\"9\" class=\"wpcf7-form-control wpcf7-tel wpcf7-text wpcf7-validates-as-tel\" aria-invalid=\"false\" value=\"\" type=\"tel\" name=\"tel-165\" \/><\/span> <\/label>\n<\/p>\n<p><label> temat<br \/>\n<span class=\"wpcf7-form-control-wrap\" data-name=\"your-subject\"><input size=\"40\" maxlength=\"400\" class=\"wpcf7-form-control wpcf7-text wpcf7-validates-as-required\" aria-required=\"true\" aria-invalid=\"false\" value=\"\" type=\"text\" name=\"your-subject\" \/><\/span> <\/label>\n<\/p>\n<p><label> tre\u015b\u0107 wiadomo\u015bci (opcjonalne)<br \/>\n<span class=\"wpcf7-form-control-wrap\" data-name=\"your-message\"><textarea cols=\"40\" rows=\"10\" maxlength=\"2000\" class=\"wpcf7-form-control wpcf7-textarea\" aria-invalid=\"false\" name=\"your-message\"><\/textarea><\/span> <\/label>\n<\/p>\n<p><input class=\"wpcf7-form-control wpcf7-submit has-spinner\" type=\"submit\" value=\"Wy\u015blij\" \/>\n<\/p><div class=\"wpcf7-response-output\" aria-hidden=\"true\"><\/div>\n<\/form>\n<\/div>\n[\/vc_column][\/vc_row][vc_row][vc_column][vc_empty_space height=&#8221;50px&#8221;][\/vc_column][\/vc_row][vc_row][vc_column width=&#8221;1\/3&#8243;][vc_icon icon_fontawesome=&#8221;fa fa-solid fa-phone&#8221; color=&#8221;custom&#8221; align=&#8221;center&#8221; css=&#8221;&#8221; custom_color=&#8221;#4F55B5&#8243;][\/vc_column][vc_column width=&#8221;1\/3&#8243;][vc_icon icon_fontawesome=&#8221;fa fa-solid fa-envelope&#8221; color=&#8221;custom&#8221; align=&#8221;center&#8221; css=&#8221;&#8221; custom_color=&#8221;#4F55B5&#8243;][\/vc_column][vc_column width=&#8221;1\/3&#8243;][vc_icon icon_fontawesome=&#8221;fa fa-brands fa-facebook&#8221; color=&#8221;custom&#8221; align=&#8221;center&#8221; css=&#8221;&#8221; custom_color=&#8221;#4F55B5&#8243;][\/vc_column][\/vc_row][vc_row][vc_column width=&#8221;1\/3&#8243;][vc_column_text css=&#8221;&#8221;]\n<p style=\"text-align: center;\"><span style=\"font-family: 'trebuchet ms', geneva; font-size: 18px;\">tel.: 613-665-033<\/span><\/p>\n[\/vc_column_text][\/vc_column][vc_column width=&#8221;1\/3&#8243;][vc_column_text css=&#8221;&#8221;]\n<p style=\"text-align: center;\"><span style=\"font-family: 'trebuchet ms', geneva; font-size: 18px;\">e-mail: amelia_d@gmail.com<\/span><\/p>\n[\/vc_column_text][\/vc_column][vc_column width=&#8221;1\/3&#8243;][vc_column_text css=&#8221;&#8221;]\n<p style=\"text-align: center;\"><span style=\"font-size: 18px; font-family: 'trebuchet ms', geneva;\">facebook: amelia_d<\/span><\/p>\n[\/vc_column_text][\/vc_column][\/vc_row][vc_row][vc_column][vc_empty_space height=&#8221;50px&#8221;][\/vc_column][\/vc_row][vc_row full_width=&#8221;stretch_row&#8221; css=&#8221;.vc_custom_1770298970089{background-color: #000000 !important;}&#8221;][vc_column width=&#8221;1\/3&#8243;][\/vc_column][vc_column width=&#8221;1\/3&#8243;][vc_single_image image=&#8221;164&#8243; img_size=&#8221;40&#215;40&#8243; alignment=&#8221;center&#8221; css=&#8221;&#8221;][\/vc_column][vc_column width=&#8221;1\/3&#8243;][\/vc_column][\/vc_row]\n<\/div>","protected":false},"excerpt":{"rendered":"<p>[vc_row full_width=&#8221;stretch_row&#8221; css_animation=&#8221;fadeIn&#8221; disable_element=&#8221;yes&#8221; css=&#8221;.vc_custom_1769797306630{background-color: #64A0FF !important;}&#8221;][vc_column width=&#8221;1\/6&#8243;][vc_single_image image=&#8221;28&#8243; img_size=&#8221;40&#215;40&#8243; css=&#8221;&#8221;][\/vc_column][vc_column css_animation=&#8221;bounceIn&#8221; width=&#8221;1\/6&#8243;][vc_column_text css=&#8221;&#8221;] o mnie [\/vc_column_text][\/vc_column][vc_column width=&#8221;1\/6&#8243; css=&#8221;.vc_custom_1769191243860{background-color: #A2EA7300 !important;border-radius: 20px !important;}&#8221;][vc_column_text css=&#8221;&#8221;] do\u015bwiadczenie [\/vc_column_text][\/vc_column][vc_column css_animation=&#8221;bounceIn&#8221; width=&#8221;1\/6&#8243;][vc_column_text css=&#8221;&#8221;] portfolio [\/vc_column_text][\/vc_column][vc_column width=&#8221;1\/6&#8243;][vc_column_text css=&#8221;&#8221;] wystawy [\/vc_column_text][\/vc_column][vc_column width=&#8221;1\/6&#8243;][vc_column_text css=&#8221;&#8221;] kontakt [\/vc_column_text][\/vc_column][\/vc_row][vc_row full_width=&#8221;stretch_row_content&#8221; css_animation=&#8221;fadeIn&#8221; css=&#8221;.vc_custom_1770304846152{background-color: #000000 !important;}&#8221; el_class=&#8221;page_header&#8221;][vc_column width=&#8221;1\/6&#8243;][vc_single_image image=&#8221;164&#8243; img_size=&#8221;40&#215;40&#8243; css=&#8221;.vc_custom_1770389161448{padding-left: 20px !important;}&#8221;][\/vc_column][vc_column css_animation=&#8221;bounceIn&#8221; width=&#8221;5\/6&#8243; css=&#8221;.vc_custom_1769797733262{margin-top: 7px [&hellip;]<\/p>\n","protected":false},"author":1,"featured_media":0,"parent":0,"menu_order":0,"comment_status":"closed","ping_status":"closed","template":"","meta":{"footnotes":""},"class_list":["post-34","page","type-page","status-publish","hentry"],"_links":{"self":[{"href":"https:\/\/3rok.pl\/d11\/wp-json\/wp\/v2\/pages\/34","targetHints":{"allow":["GET"]}}],"collection":[{"href":"https:\/\/3rok.pl\/d11\/wp-json\/wp\/v2\/pages"}],"about":[{"href":"https:\/\/3rok.pl\/d11\/wp-json\/wp\/v2\/types\/page"}],"author":[{"embeddable":true,"href":"https:\/\/3rok.pl\/d11\/wp-json\/wp\/v2\/users\/1"}],"replies":[{"embeddable":true,"href":"https:\/\/3rok.pl\/d11\/wp-json\/wp\/v2\/comments?post=34"}],"version-history":[{"count":346,"href":"https:\/\/3rok.pl\/d11\/wp-json\/wp\/v2\/pages\/34\/revisions"}],"predecessor-version":[{"id":499,"href":"https:\/\/3rok.pl\/d11\/wp-json\/wp\/v2\/pages\/34\/revisions\/499"}],"wp:attachment":[{"href":"https:\/\/3rok.pl\/d11\/wp-json\/wp\/v2\/media?parent=34"}],"curies":[{"name":"wp","href":"https:\/\/api.w.org\/{rel}","templated":true}]}}