{"id":217,"date":"2026-01-18T11:24:15","date_gmt":"2026-01-18T10:24:15","guid":{"rendered":"https:\/\/3rok.pl\/d10\/?page_id=217"},"modified":"2026-02-05T22:08:20","modified_gmt":"2026-02-05T21:08:20","slug":"kontakt","status":"publish","type":"page","link":"https:\/\/3rok.pl\/d10\/kontakt\/","title":{"rendered":"Kontakt"},"content":{"rendered":"<div class=\"wpb-content-wrapper\"><p>[vc_section full_width=&#8221;stretch_row_content&#8221; full_height=&#8221;yes&#8221; css_animation=&#8221;fadeInUp&#8221; css=&#8221;.vc_custom_1770324998941{background-color: #896B50 !important;}&#8221;][vc_row css=&#8221;.vc_custom_1770325528908{margin-right: 5% !important;margin-left: 5% !important;}&#8221;][vc_column width=&#8221;1\/2&#8243;][vc_column_text css=&#8221;.vc_custom_1770318558578{margin-top: 20px !important;margin-right: 5% !important;margin-left: 5% !important;padding-bottom: 20px !important;}&#8221;]<\/p>\n<h2><strong data-start=\"58\" data-end=\"83\">Zapraszam do kontaktu<\/strong><\/h2>\n<p>[\/vc_column_text][vc_column_text css=&#8221;.vc_custom_1770325687179{margin-right: 30% !important;margin-left: 5% !important;}&#8221;]<span style=\"font-family: Verdana, Geneva; font-size: 14pt;\">Je\u015bli jeste\u015b zainteresowany\/a wsp\u00f3\u0142prac\u0105 lub masz pytania, skontaktuj si\u0119 ze mn\u0105 mailowo lub telefonicznie.<\/span>[\/vc_column_text][vc_column_text css=&#8221;.vc_custom_1770319359562{margin-right: 5% !important;margin-left: 5% !important;padding-bottom: 40px !important;}&#8221;]<\/p>\n<h4 style=\"text-align: left;\"><strong data-start=\"195\" data-end=\"206\">E-mail:<\/strong> <a class=\"decorated-link cursor-pointer\" rel=\"noopener\" data-start=\"207\" data-end=\"226\">ola071703@gmail.com<\/a><br data-start=\"226\" data-end=\"229\" \/><strong data-start=\"229\" data-end=\"241\">Telefon:<\/strong> +48 500 501 520<\/h4>\n<p>[\/vc_column_text][\/vc_column][vc_column width=&#8221;1\/2&#8243;][vc_column_text css=&#8221;.vc_custom_1770325592814{margin-top: 40px !important;margin-bottom: 0px !important;padding-bottom: 20px !important;}&#8221;]<\/p>\n<h2 class=\"elementor-heading-title elementor-size-default\" style=\"text-align: left;\"><strong>Formularz kontaktowy<\/strong><\/h2>\n<p>[\/vc_column_text][vc_row_inner css=&#8221;.vc_custom_1770325629282{margin-top: -10px !important;}&#8221;][vc_column_inner]<style id=\"wpforms-css-vars-681\">\n\t\t\t\t#wpforms-681 {\n\t\t\t\t--wpforms-field-border-radius: 0px;\n--wpforms-field-border-color: 3E000C;\n--wpforms-field-border-color-spare: 3E000C;\n--wpforms-field-text-color: 3E000C;\n--wpforms-label-color: #3e000c;\n--wpforms-label-sublabel-color: #262626;\n--wpforms-label-error-color: #ff0000;\n--wpforms-button-border-style: solid;\n--wpforms-button-border-radius: 0px;\n--wpforms-button-background-color: #f6f6f6;\n--wpforms-button-border-color: f6f6f6;\n--wpforms-button-text-color: #3e000c;\n--wpforms-container-padding: 0px;\n--wpforms-container-border-width: 1px;\n--wpforms-container-border-radius: 3px;\n--wpforms-background-color: rgba(0, 0, 0, 0);\n--wpforms-page-break-color: #dddddd;\n--wpforms-field-size-input-height: 43px;\n--wpforms-field-size-input-spacing: 15px;\n--wpforms-field-size-font-size: 16px;\n--wpforms-field-size-line-height: 19px;\n--wpforms-field-size-padding-h: 14px;\n--wpforms-field-size-checkbox-size: 16px;\n--wpforms-field-size-sublabel-spacing: 5px;\n--wpforms-field-size-icon-size: 1;\n--wpforms-label-size-font-size: 14px;\n--wpforms-label-size-line-height: 17px;\n--wpforms-label-size-sublabel-font-size: 13px;\n--wpforms-label-size-sublabel-line-height: 16px;\n--wpforms-button-size-font-size: 17px;\n--wpforms-button-size-height: 41px;\n--wpforms-button-size-padding-h: 15px;\n--wpforms-button-size-margin-top: 10px;\n--wpforms-container-shadow-size-box-shadow: none;\n\t\t\t}\n\t\t\t<\/style><div class=\"wpforms-container wpforms-container-full wpforms-render-modern\" id=\"wpforms-681\"><form id=\"wpforms-form-681\" class=\"wpforms-validate wpforms-form wpforms-ajax-form\" data-formid=\"681\" method=\"post\" enctype=\"multipart\/form-data\" action=\"\/d10\/wp-json\/wp\/v2\/pages\/217\" data-token=\"eb47802650d5e258fddff121daae1567\" data-token-time=\"1776526566\"><noscript class=\"wpforms-error-noscript\">Aby wype\u0142ni\u0107 ten formularz, w\u0142\u0105cz obs\u0142ug\u0119 JavaScript w przegl\u0105darce.<\/noscript><div id=\"wpforms-error-noscript\" style=\"display: none;\">Aby wype\u0142ni\u0107 ten formularz, w\u0142\u0105cz obs\u0142ug\u0119 JavaScript w przegl\u0105darce.<\/div><div class=\"wpforms-field-container\"><div id=\"wpforms-681-field_1-container\" class=\"wpforms-field wpforms-field-name\" data-field-id=\"1\"><label class=\"wpforms-field-label\" for=\"wpforms-681-field_1\">Imi\u0119 i nazwisko <span class=\"wpforms-required-label\" aria-hidden=\"true\">*<\/span><\/label><input type=\"text\" id=\"wpforms-681-field_1\" class=\"wpforms-field-medium wpforms-field-required\" name=\"wpforms[fields][1]\" aria-errormessage=\"wpforms-681-field_1-error\" required><\/div><div id=\"wpforms-681-field_2-container\" class=\"wpforms-field wpforms-field-email\" data-field-id=\"2\"><label class=\"wpforms-field-label\" for=\"wpforms-681-field_2\">Adres e-mail <span class=\"wpforms-required-label\" aria-hidden=\"true\">*<\/span><\/label><input type=\"email\" id=\"wpforms-681-field_2\" class=\"wpforms-field-medium wpforms-field-required\" name=\"wpforms[fields][2]\" spellcheck=\"false\" aria-errormessage=\"wpforms-681-field_2-error\" required><\/div>\t\t<div id=\"wpforms-681-field_4-container\"\n\t\t\tclass=\"wpforms-field wpforms-field-text\"\n\t\t\tdata-field-type=\"text\"\n\t\t\tdata-field-id=\"4\"\n\t\t\t>\n\t\t\t<label class=\"wpforms-field-label\" for=\"wpforms-681-field_4\" >Komentarz e-mail Imi\u0119<\/label>\n\t\t\t<input type=\"text\" id=\"wpforms-681-field_4\" class=\"wpforms-field-medium\" name=\"wpforms[fields][4]\" >\n\t\t<\/div>\n\t\t<div id=\"wpforms-681-field_3-container\" class=\"wpforms-field wpforms-field-textarea\" data-field-id=\"3\"><label class=\"wpforms-field-label\" for=\"wpforms-681-field_3\">Komentarz lub wiadomo\u015b\u0107<\/label><textarea id=\"wpforms-681-field_3\" class=\"wpforms-field-medium\" name=\"wpforms[fields][3]\" aria-errormessage=\"wpforms-681-field_3-error\" ><\/textarea><\/div><script>\n\t\t\t\t( function() {\n\t\t\t\t\tconst style = document.createElement( 'style' );\n\t\t\t\t\tstyle.appendChild( document.createTextNode( '#wpforms-681-field_4-container { position: absolute !important; overflow: hidden !important; display: inline !important; height: 1px !important; width: 1px !important; z-index: -1000 !important; padding: 0 !important; } #wpforms-681-field_4-container input { visibility: hidden; } #wpforms-conversational-form-page #wpforms-681-field_4-container label { counter-increment: none; }' ) );\n\t\t\t\t\tdocument.head.appendChild( style );\n\t\t\t\t\tdocument.currentScript?.remove();\n\t\t\t\t} )();\n\t\t\t<\/script><\/div><!-- .wpforms-field-container --><div class=\"wpforms-submit-container\" ><input type=\"hidden\" name=\"wpforms[id]\" value=\"681\"><input type=\"hidden\" name=\"page_title\" value=\"\"><input type=\"hidden\" name=\"page_url\" value=\"https:\/\/3rok.pl\/d10\/wp-json\/wp\/v2\/pages\/217\"><input type=\"hidden\" name=\"url_referer\" value=\"\"><button type=\"submit\" name=\"wpforms[submit]\" id=\"wpforms-submit-681\" class=\"wpforms-submit\" data-alt-text=\"Wysy\u0142anie...\" data-submit-text=\"Prze\u015blij\" aria-live=\"assertive\" value=\"wpforms-submit\">Prze\u015blij<\/button><img decoding=\"async\" src=\"https:\/\/3rok.pl\/d10\/wp-content\/plugins\/wpforms-lite\/assets\/images\/submit-spin.svg\" class=\"wpforms-submit-spinner\" style=\"display: none;\" width=\"26\" height=\"26\" alt=\"Wczytywanie\"><\/div><\/form><\/div>  <!-- .wpforms-container -->[\/vc_column_inner][\/vc_row_inner][\/vc_column][\/vc_row][\/vc_section][vc_section full_width=&#8221;stretch_row_content&#8221; full_height=&#8221;yes&#8221; css=&#8221;.vc_custom_1770319112368{background-color: #896B50 !important;}&#8221; min_height=&#8221;400px&#8221;][vc_row][vc_column][vc_goo_maps location=&#8221;tarn\u00f3w akademia tarnowska&#8221; height=&#8221;550px&#8221; zoom=&#8221;18&#8243; type=&#8221;k&#8221; css_animation=&#8221;fadeInUp&#8221; css=&#8221;.vc_custom_1770319422975{margin-right: -13px !important;margin-bottom: 0px !important;margin-left: -13px !important;}&#8221;][\/vc_column][\/vc_row][\/vc_section]<\/p>\n<\/div>","protected":false},"excerpt":{"rendered":"<p>[vc_section full_width=&#8221;stretch_row_content&#8221; full_height=&#8221;yes&#8221; css_animation=&#8221;fadeInUp&#8221; css=&#8221;.vc_custom_1770324998941{background-color: #896B50 !important;}&#8221;][vc_row css=&#8221;.vc_custom_1770325528908{margin-right: 5% !important;margin-left: 5% !important;}&#8221;][vc_column width=&#8221;1\/2&#8243;][vc_column_text css=&#8221;.vc_custom_1770318558578{margin-top: 20px !important;margin-right: 5% !important;margin-left: 5% !important;padding-bottom: 20px !important;}&#8221;] Zapraszam do kontaktu [\/vc_column_text][vc_column_text css=&#8221;.vc_custom_1770325687179{margin-right: 30% !important;margin-left: 5% !important;}&#8221;]Je\u015bli jeste\u015b zainteresowany\/a wsp\u00f3\u0142prac\u0105 lub masz pytania, skontaktuj si\u0119 ze mn\u0105 mailowo lub telefonicznie.[\/vc_column_text][vc_column_text css=&#8221;.vc_custom_1770319359562{margin-right: 5% !important;margin-left: 5% !important;padding-bottom: 40px !important;}&#8221;] E-mail: ola071703@gmail.comTelefon: +48 500 [&hellip;]<\/p>\n","protected":false},"author":1,"featured_media":0,"parent":0,"menu_order":0,"comment_status":"closed","ping_status":"closed","template":"","meta":{"footnotes":""},"class_list":["post-217","page","type-page","status-publish","hentry"],"_links":{"self":[{"href":"https:\/\/3rok.pl\/d10\/wp-json\/wp\/v2\/pages\/217","targetHints":{"allow":["GET"]}}],"collection":[{"href":"https:\/\/3rok.pl\/d10\/wp-json\/wp\/v2\/pages"}],"about":[{"href":"https:\/\/3rok.pl\/d10\/wp-json\/wp\/v2\/types\/page"}],"author":[{"embeddable":true,"href":"https:\/\/3rok.pl\/d10\/wp-json\/wp\/v2\/users\/1"}],"replies":[{"embeddable":true,"href":"https:\/\/3rok.pl\/d10\/wp-json\/wp\/v2\/comments?post=217"}],"version-history":[{"count":100,"href":"https:\/\/3rok.pl\/d10\/wp-json\/wp\/v2\/pages\/217\/revisions"}],"predecessor-version":[{"id":773,"href":"https:\/\/3rok.pl\/d10\/wp-json\/wp\/v2\/pages\/217\/revisions\/773"}],"wp:attachment":[{"href":"https:\/\/3rok.pl\/d10\/wp-json\/wp\/v2\/media?parent=217"}],"curies":[{"name":"wp","href":"https:\/\/api.w.org\/{rel}","templated":true}]}}