{"id":214,"date":"2026-01-18T11:24:05","date_gmt":"2026-01-18T10:24:05","guid":{"rendered":"https:\/\/3rok.pl\/d10\/?page_id=214"},"modified":"2026-02-06T16:52:35","modified_gmt":"2026-02-06T15:52:35","slug":"galeria","status":"publish","type":"page","link":"https:\/\/3rok.pl\/d10\/galeria\/","title":{"rendered":"GALERIA"},"content":{"rendered":"<div class=\"wpb-content-wrapper\"><p>[vc_section full_width=&#8221;stretch_row_content&#8221; full_height=&#8221;yes&#8221; css_animation=&#8221;fadeInUp&#8221; min_height=&#8221;1400px&#8221; css=&#8221;.vc_custom_1769295145684{margin-top: 45px !important;padding-bottom: 110px !important;background-color: #3E000C !important;}&#8221;][vc_row][vc_column css=&#8221;.vc_custom_1768946129357{margin-right: 60px !important;margin-left: 60px !important;padding-right: 450px !important;}&#8221;][vc_column_text css=&#8221;&#8221;]<\/p>\n<h2 style=\"text-align: left;\"><span style=\"color: #f6f6f6;\"><strong>Galeria wybranych realizacji z zakresu fotografii produktowej i designu<\/strong><\/span><\/h2>\n<p>[\/vc_column_text][vc_column_text css=&#8221;&#8221;]<span style=\"color: #f6f6f6; font-size: 14pt;\">Tworz\u0119 fotografie produktowe w r\u00f3\u017cnych estetykach \u2014 od naturalnych, boho kadr\u00f3w po surowe, minimalistyczne i stricte produktowe uj\u0119cia, skupione na formie, detalu i \u015bwietle.<\/span>[\/vc_column_text][vc_gallery type=&#8221;image_grid&#8221; images=&#8221;740,735,734,202,736,745&#8243; img_size=&#8221;250&#215;250&#8243; css_animation=&#8221;fadeInLeft&#8221; css=&#8221;.vc_custom_1770393147412{padding-top: 35px !important;}&#8221;][\/vc_column][\/vc_row][\/vc_section][vc_section full_width=&#8221;stretch_row_content&#8221; full_height=&#8221;yes&#8221; css_animation=&#8221;fadeInUp&#8221; min_height=&#8221;800px&#8221; css=&#8221;.vc_custom_1769188986228{margin-top: -50px !important;padding-bottom: 50px !important;background-color: #896B50 !important;}&#8221;][vc_row full_width=&#8221;stretch_row&#8221; css=&#8221;.vc_custom_1769188619138{padding-bottom: 50px !important;}&#8221;][vc_column][vc_column_text css=&#8221;.vc_custom_1769301420105{margin-right: 5% !important;margin-left: 35% !important;}&#8221;]<\/p>\n<h3 style=\"text-align: right;\"><strong>Galeria wybranych realizacji z zakresu fotografii produktowej i designu<\/strong><\/h3>\n<p>[\/vc_column_text][vc_column_text css=&#8221;.vc_custom_1770314677493{margin-right: 5% !important;margin-left: 35% !important;}&#8221;]<\/p>\n<p style=\"text-align: right; padding-left: 40px;\"><span style=\"font-size: 14pt;\">Tworz\u0119 r\u00f3wnie\u017c projekty wizualne, w tym logotypy i podstawy identyfikacji wizualnej.<\/span><br \/>\n<span style=\"font-size: 14pt;\">Skupiam si\u0119 na prostych, czytelnych formach i sp\u00f3jno\u015bci przekazu, dopasowuj\u0105c projekt do charakteru marki.<\/span>[\/vc_column_text][vc_gallery type=&#8221;image_grid&#8221; images=&#8221;748,749,750,751,752,753&#8243; img_size=&#8221;250&#215;250&#8243; css_animation=&#8221;fadeInRight&#8221; css=&#8221;.vc_custom_1770323833290{margin-left: 46% !important;}&#8221;][\/vc_column][\/vc_row][\/vc_section]<\/p>\n<\/div>","protected":false},"excerpt":{"rendered":"<p>[vc_section full_width=&#8221;stretch_row_content&#8221; full_height=&#8221;yes&#8221; css_animation=&#8221;fadeInUp&#8221; min_height=&#8221;1400px&#8221; css=&#8221;.vc_custom_1769295145684{margin-top: 45px !important;padding-bottom: 110px !important;background-color: #3E000C !important;}&#8221;][vc_row][vc_column css=&#8221;.vc_custom_1768946129357{margin-right: 60px !important;margin-left: 60px !important;padding-right: 450px !important;}&#8221;][vc_column_text css=&#8221;&#8221;] Galeria wybranych realizacji z zakresu fotografii produktowej i designu [\/vc_column_text][vc_column_text css=&#8221;&#8221;]Tworz\u0119 fotografie produktowe w r\u00f3\u017cnych estetykach \u2014 od naturalnych, boho kadr\u00f3w po surowe, minimalistyczne i stricte produktowe uj\u0119cia, skupione na formie, detalu i \u015bwietle.[\/vc_column_text][vc_gallery type=&#8221;image_grid&#8221; [&hellip;]<\/p>\n","protected":false},"author":1,"featured_media":0,"parent":0,"menu_order":0,"comment_status":"closed","ping_status":"closed","template":"","meta":{"footnotes":""},"class_list":["post-214","page","type-page","status-publish","hentry"],"_links":{"self":[{"href":"https:\/\/3rok.pl\/d10\/wp-json\/wp\/v2\/pages\/214","targetHints":{"allow":["GET"]}}],"collection":[{"href":"https:\/\/3rok.pl\/d10\/wp-json\/wp\/v2\/pages"}],"about":[{"href":"https:\/\/3rok.pl\/d10\/wp-json\/wp\/v2\/types\/page"}],"author":[{"embeddable":true,"href":"https:\/\/3rok.pl\/d10\/wp-json\/wp\/v2\/users\/1"}],"replies":[{"embeddable":true,"href":"https:\/\/3rok.pl\/d10\/wp-json\/wp\/v2\/comments?post=214"}],"version-history":[{"count":52,"href":"https:\/\/3rok.pl\/d10\/wp-json\/wp\/v2\/pages\/214\/revisions"}],"predecessor-version":[{"id":775,"href":"https:\/\/3rok.pl\/d10\/wp-json\/wp\/v2\/pages\/214\/revisions\/775"}],"wp:attachment":[{"href":"https:\/\/3rok.pl\/d10\/wp-json\/wp\/v2\/media?parent=214"}],"curies":[{"name":"wp","href":"https:\/\/api.w.org\/{rel}","templated":true}]}}