{"id":211,"date":"2026-01-18T11:23:56","date_gmt":"2026-01-18T10:23:56","guid":{"rendered":"https:\/\/3rok.pl\/d10\/?page_id=211"},"modified":"2026-02-05T21:52:58","modified_gmt":"2026-02-05T20:52:58","slug":"o-mnie","status":"publish","type":"page","link":"https:\/\/3rok.pl\/d10\/o-mnie\/","title":{"rendered":"O MNIE"},"content":{"rendered":"<div class=\"wpb-content-wrapper\"><p>[vc_section full_width=&#8221;stretch_row_content&#8221; full_height=&#8221;yes&#8221; css=&#8221;.vc_custom_1770322453715{margin-top: 55px !important;padding-top: 200px !important;padding-right: 450px !important;padding-bottom: 200px !important;padding-left: 450px !important;background-image: url(https:\/\/3rok.pl\/d10\/wp-content\/uploads\/2026\/02\/333-scaled.jpg?id=729) !important;background-position: center !important;background-repeat: no-repeat !important;background-size: cover !important;}&#8221; min_height=&#8221;400px&#8221;][vc_row full_width=&#8221;stretch_row&#8221; gap=&#8221;10&#8243; css=&#8221;.vc_custom_1768935339265{margin-right: -400px !important;margin-left: -400px !important;}&#8221;][vc_column css_animation=&#8221;fadeInLeftBig&#8221;][vc_column_text css=&#8221;.vc_custom_1770324434235{margin-top: -55px !important;margin-right: 5% !important;margin-left: 5% !important;padding-right: 50% !important;}&#8221;]<\/p>\n<h2><span style=\"color: #f6f6f6;\"><strong data-start=\"166\" data-end=\"195\">Cze\u015b\u0107, jestem Aleksandra.<\/strong><\/span><\/h2>\n<p>[\/vc_column_text][vc_column_text css_animation=&#8221;fadeInLeft&#8221; css=&#8221;.vc_custom_1770324444513{margin-right: 5% !important;margin-left: 5% !important;padding-right: 55% !important;background-position: center !important;background-repeat: no-repeat !important;background-size: cover !important;}&#8221;]<span dir=\"auto\" style=\"vertical-align: inherit; color: #f6f6f6; font-size: 14pt; font-family: Verdana, Geneva;\"><span dir=\"auto\" style=\"vertical-align: inherit;\">Zajmuj\u0119 si\u0119 fotografi\u0105 produktow\u0105 i designem, skupiaj\u0105c si\u0119 na autentycznym przekazie wizualnym i formie produktu.<\/span><\/span>[\/vc_column_text][\/vc_column][vc_column][\/vc_column][\/vc_row][\/vc_section][vc_section full_width=&#8221;stretch_row_content&#8221; css=&#8221;.vc_custom_1769300163425{border-bottom-width: 50px !important;background-color: #896B50 !important;}&#8221; min_height=&#8221;450px&#8221;][vc_row css_animation=&#8221;fadeInLeft&#8221; css=&#8221;.vc_custom_1770324472425{margin-right: 5% !important;margin-left: 5% !important;padding-bottom: 50px !important;}&#8221;][vc_column width=&#8221;1\/2&#8243;][vc_column_text css=&#8221;.vc_custom_1770320530166{margin-right: 5% !important;margin-left: 5% !important;}&#8221;]<\/p>\n<h3><span style=\"color: #f6f6f6;\"><strong>Nazywam si\u0119 Aleksandra Augustyn, <\/strong><\/span><\/h3>\n<p><span style=\"color: #f6f6f6; font-family: Verdana, Geneva; font-size: 14pt;\">mam 22 lata i jestem studentk\u0105 trzeciego roku Akademii Tarnowskiej na kierunku design. Studiowanie w Tarnowie pozwala mi rozwija\u0107 si\u0119 w obszarze projektowania wizualnego oraz \u015bwiadomie kszta\u0142towa\u0107 w\u0142asny j\u0119zyk estetyczny<\/span>[\/vc_column_text][\/vc_column][vc_column width=&#8221;1\/2&#8243;][vc_row_inner][vc_column_inner][vc_column_text css=&#8221;.vc_custom_1770320539558{margin-right: 5% !important;margin-left: 5% !important;}&#8221;]&nbsp;<\/p>\n<p>&nbsp;<\/p>\n<p style=\"text-align: left;\"><span style=\"color: #f6f6f6; font-family: Verdana, Geneva;\"><span style=\"font-size: 14pt;\">\u015awietnie czuj\u0119 si\u0119 w projektowaniu logo i ikon, gdzie liczy si\u0119 prostota, czytelno\u015b\u0107 i charakter marki. Dobrze odnajduj\u0119 si\u0119 r\u00f3wnie\u017c w tworzeniu wizyt\u00f3wek oraz ulotek, dbaj\u0105c o sp\u00f3jn\u0105 estetyk\u0119 i funkcjonalno\u015b\u0107 projekt\u00f3w. W wolnym czasie uwielbiam sport w r\u00f3\u017cnych formach \u2014 aktywno\u015b\u0107 fizyczna daje mi energi\u0119, uczy systematyczno\u015bci i pozytywnie wp\u0142ywa na moj\u0105 kreatywno\u015b\u0107.<\/span><\/span><\/p>\n<p>[\/vc_column_text][\/vc_column_inner][\/vc_row_inner][\/vc_column][\/vc_row][\/vc_section][vc_section full_width=&#8221;stretch_row_content&#8221; full_height=&#8221;yes&#8221;][vc_row css=&#8221;.vc_custom_1768951032726{margin-top: -5px !important;}&#8221;][vc_column width=&#8221;2\/3&#8243;][vc_single_image image=&#8221;85&#8243; img_size=&#8221;large&#8221; onclick=&#8221;link_image&#8221; css=&#8221;.vc_custom_1769794252441{margin-top: -35px !important;margin-bottom: 0px !important;margin-left: -20px !important;}&#8221;][\/vc_column][vc_column width=&#8221;1\/3&#8243; css=&#8221;.vc_custom_1768939365486{margin-top: -10px !important;}&#8221;][vc_column_text css=&#8221;.vc_custom_1769296260044{margin-right: 5% !important;}&#8221;]<\/p>\n<h3 style=\"text-align: right;\"><strong data-start=\"77\" data-end=\"138\">Tworz\u0119 fotografie produktowe w naturalnej, boho estetyce.<\/strong><\/h3>\n<p>[\/vc_column_text][vc_column_text css=&#8221;.vc_custom_1770303284524{margin-right: 5% !important;}&#8221;]<\/p>\n<p style=\"text-align: right;\"><span style=\"font-family: Verdana, Geneva; font-size: 14pt;\">Lubi\u0119 ciep\u0142e kolory, organiczne materia\u0142y i spokojne kadry, kt\u00f3re podkre\u015blaj\u0105 autentyczny charakter produktu oraz jego relacj\u0119 z natur\u0105.<\/span><\/p>\n<p>[\/vc_column_text][\/vc_column][\/vc_row][vc_row css=&#8221;.vc_custom_1769296706497{margin-left: 5% !important;}&#8221;][vc_column width=&#8221;1\/4&#8243; css=&#8221;.vc_custom_1768939594342{margin-top: 35px !important;}&#8221;][vc_column_text css=&#8221;&#8221;]<\/p>\n<h3><strong data-start=\"51\" data-end=\"103\">Realizuj\u0119 r\u00f3wnie\u017c fotografie produktowe.<\/strong>.<\/h3>\n<p>[\/vc_column_text][vc_column_text css=&#8221;.vc_custom_1770303762223{margin-right: -100px !important;}&#8221;]<span style=\"font-size: 14pt; font-family: Verdana, Geneva;\">Minimalistyczne kadry, neutralne t\u0142o i precyzyjne \u015bwiat\u0142o pozwalaj\u0105 w pe\u0142ni skupi\u0107 uwag\u0119 na formie, detalu i funkcji produktu.<\/span>[\/vc_column_text][\/vc_column][vc_column width=&#8221;3\/4&#8243; css=&#8221;.vc_custom_1768946608170{margin-top: 50px !important;margin-left: 357px !important;}&#8221;][vc_single_image image=&#8221;282&#8243; img_size=&#8221;large&#8221; onclick=&#8221;link_image&#8221; css=&#8221;.vc_custom_1769794266062{margin-top: -50px !important;margin-right: -100px !important;}&#8221;][\/vc_column][\/vc_row][\/vc_section][vc_section full_width=&#8221;stretch_row_content&#8221; full_height=&#8221;yes&#8221; css=&#8221;.vc_custom_1770320789222{margin-top: -40px !important;margin-right: 5% !important;margin-left: 5% !important;padding-bottom: -100px !important;background-color: #3E000C !important;}&#8221; min_height=&#8221;200px&#8221;][vc_row css_animation=&#8221;fadeInLeft&#8221; css=&#8221;.vc_custom_1770324503641{margin-right: 5% !important;margin-left: 5% !important;padding-bottom: 50px !important;}&#8221;][vc_column width=&#8221;1\/2&#8243;][vc_column_text css=&#8221;.vc_custom_1770303784753{margin-right: 5% !important;margin-left: 5% !important;}&#8221;]<span style=\"color: #f6f6f6; font-family: Verdana, Geneva; font-size: 14pt;\">Interesuj\u0119 si\u0119 <strong>sztuk\u0105, fotografi\u0105 oraz r\u00f3\u017cnymi formami przekazu wizualnego<\/strong>, kt\u00f3re traktuj\u0119 jako narz\u0119dzie komunikacji i budowania znacze\u0144. Szczeg\u00f3lnie bliska jest mi <strong>fotografia produktowa<\/strong> oraz <strong>identyfikacja wizualna<\/strong>, gdzie kluczowe s\u0105 dla mnie forma, detal, \u015bwiat\u0142o i autentyczno\u015b\u0107. W swoich pracach staram si\u0119 pokazywa\u0107 przedmiot w spos\u00f3b szczery i prawdziwy, bez nadmiernych upi\u0119ksze\u0144, skupiaj\u0105c si\u0119 na jego charakterze i funkcji.<\/span>[\/vc_column_text][\/vc_column][vc_column width=&#8221;1\/2&#8243;][vc_column_text css=&#8221;.vc_custom_1770320512296{margin-right: 5% !important;margin-left: 5% !important;}&#8221;]<span style=\"color: #f6f6f6; font-size: 14pt; font-family: Verdana, Geneva;\">Design postrzegam jako proces \u2013 od obserwacji i analizy, przez koncepcj\u0119, a\u017c po finalny efekt wizualny. Studia daj\u0105 mi solidne podstawy teoretyczne i praktyczne, a jednocze\u015bnie motywuj\u0105 do eksperymentowania i ci\u0105g\u0142ego poszukiwania nowych rozwi\u0105za\u0144. D\u0105\u017c\u0119 do tworzenia projekt\u00f3w sp\u00f3jnych, przemy\u015blanych i dopasowanych do realnych potrzeb odbiorcy.<\/span>[\/vc_column_text][\/vc_column][\/vc_row][\/vc_section][vc_section full_width=&#8221;stretch_row_content&#8221; full_height=&#8221;yes&#8221; css=&#8221;.vc_custom_1769300834733{background-color: #896B50 !important;}&#8221; min_height=&#8221;500px&#8221;][vc_row][vc_column][vc_column_text css=&#8221;.vc_custom_1770320778549{margin-right: 5% !important;margin-left: 5% !important;}&#8221;]<\/p>\n<h2><strong>Do\u015bwiadczenie i osi\u0105gni\u0119cia<\/strong><\/h2>\n<p>[\/vc_column_text][\/vc_column][\/vc_row][vc_row][vc_column][vc_column_text css=&#8221;.vc_custom_1770324610074{margin-right: 5% !important;margin-left: 5% !important;}&#8221;]<\/p>\n<h3 data-start=\"86\" data-end=\"97\"><strong>Wystawy<\/strong><\/h3>\n<ul data-start=\"98\" data-end=\"265\">\n<li data-start=\"98\" data-end=\"188\">\n<h5 data-start=\"100\" data-end=\"188\"><span style=\"font-family: Verdana, Geneva; font-size: 14pt;\">Tarn\u00f3w \u2013 Wystawa Prac Student\u00f3w Designu Akademii Tarnowskiej, <em data-start=\"166\" data-end=\"186\">Muzeum Diecezjalne<\/em><\/span><\/h5>\n<\/li>\n<li data-start=\"189\" data-end=\"265\">\n<h5 data-start=\"191\" data-end=\"265\"><span style=\"font-family: Verdana, Geneva; font-size: 14pt;\">Tarn\u00f3w \u2013 Wystawa Prac Student\u00f3w Designu Akademii Tarnowskiej, <em data-start=\"257\" data-end=\"265\">Ratusz<\/em><\/span><\/h5>\n<\/li>\n<\/ul>\n<p>[\/vc_column_text][vc_column_text css=&#8221;.vc_custom_1770324657056{margin-right: 5% !important;margin-left: 5% !important;}&#8221;]<\/p>\n<h3 data-start=\"267\" data-end=\"283\"><strong>Co potrafi\u0119?<\/strong><\/h3>\n<p data-start=\"285\" data-end=\"334\"><span style=\"font-family: Verdana, Geneva; font-size: 14pt;\"><strong data-start=\"285\" data-end=\"334\">Obs\u0142uguj\u0119 programy graficzne z pakietu Adobe:<\/strong><\/span><\/p>\n<ul data-start=\"335\" data-end=\"483\">\n<li data-start=\"335\" data-end=\"383\">\n<p data-start=\"337\" data-end=\"383\"><span style=\"font-family: Verdana, Geneva; font-size: 14pt;\"><strong data-start=\"337\" data-end=\"359\">Grafika wektorowa:<\/strong> Illustrator, InDesign<\/span><\/p>\n<\/li>\n<li data-start=\"384\" data-end=\"430\">\n<p data-start=\"386\" data-end=\"430\"><span style=\"font-family: Verdana, Geneva; font-size: 14pt;\"><strong data-start=\"386\" data-end=\"407\">Grafika rastrowa:<\/strong> Photoshop, Lightroom<\/span><\/p>\n<\/li>\n<li data-start=\"431\" data-end=\"483\">\n<p data-start=\"433\" data-end=\"483\"><span style=\"font-family: Verdana, Geneva; font-size: 14pt;\"><strong data-start=\"433\" data-end=\"453\">Grafika ruchoma:<\/strong> After Effects, Premiere Pro<\/span><\/p>\n<\/li>\n<\/ul>\n<h3 data-start=\"485\" data-end=\"518\"><strong>Programy do projektowania 3D:<\/strong><\/h3>\n<ul data-start=\"519\" data-end=\"550\">\n<li data-start=\"519\" data-end=\"538\">\n<p data-start=\"521\" data-end=\"538\"><span style=\"font-family: Verdana, Geneva; font-size: 14pt;\">Autodesk Fusion<\/span><\/p>\n<\/li>\n<\/ul>\n<p>[\/vc_column_text][\/vc_column][\/vc_row][\/vc_section]<\/p>\n<\/div>","protected":false},"excerpt":{"rendered":"<p>[vc_section full_width=&#8221;stretch_row_content&#8221; full_height=&#8221;yes&#8221; css=&#8221;.vc_custom_1770322453715{margin-top: 55px !important;padding-top: 200px !important;padding-right: 450px !important;padding-bottom: 200px !important;padding-left: 450px !important;background-image: url(https:\/\/3rok.pl\/d10\/wp-content\/uploads\/2026\/02\/333-scaled.jpg?id=729) !important;background-position: center !important;background-repeat: no-repeat !important;background-size: cover !important;}&#8221; min_height=&#8221;400px&#8221;][vc_row full_width=&#8221;stretch_row&#8221; gap=&#8221;10&#8243; css=&#8221;.vc_custom_1768935339265{margin-right: -400px !important;margin-left: -400px !important;}&#8221;][vc_column css_animation=&#8221;fadeInLeftBig&#8221;][vc_column_text css=&#8221;.vc_custom_1770324434235{margin-top: -55px !important;margin-right: 5% !important;margin-left: 5% !important;padding-right: 50% !important;}&#8221;] Cze\u015b\u0107, jestem Aleksandra. [\/vc_column_text][vc_column_text css_animation=&#8221;fadeInLeft&#8221; css=&#8221;.vc_custom_1770324444513{margin-right: 5% !important;margin-left: 5% !important;padding-right: 55% !important;background-position: center !important;background-repeat: no-repeat [&hellip;]<\/p>\n","protected":false},"author":1,"featured_media":0,"parent":0,"menu_order":0,"comment_status":"closed","ping_status":"closed","template":"","meta":{"footnotes":""},"class_list":["post-211","page","type-page","status-publish","hentry"],"_links":{"self":[{"href":"https:\/\/3rok.pl\/d10\/wp-json\/wp\/v2\/pages\/211","targetHints":{"allow":["GET"]}}],"collection":[{"href":"https:\/\/3rok.pl\/d10\/wp-json\/wp\/v2\/pages"}],"about":[{"href":"https:\/\/3rok.pl\/d10\/wp-json\/wp\/v2\/types\/page"}],"author":[{"embeddable":true,"href":"https:\/\/3rok.pl\/d10\/wp-json\/wp\/v2\/users\/1"}],"replies":[{"embeddable":true,"href":"https:\/\/3rok.pl\/d10\/wp-json\/wp\/v2\/comments?post=211"}],"version-history":[{"count":110,"href":"https:\/\/3rok.pl\/d10\/wp-json\/wp\/v2\/pages\/211\/revisions"}],"predecessor-version":[{"id":765,"href":"https:\/\/3rok.pl\/d10\/wp-json\/wp\/v2\/pages\/211\/revisions\/765"}],"wp:attachment":[{"href":"https:\/\/3rok.pl\/d10\/wp-json\/wp\/v2\/media?parent=211"}],"curies":[{"name":"wp","href":"https:\/\/api.w.org\/{rel}","templated":true}]}}