{"id":64,"date":"2026-01-22T20:46:09","date_gmt":"2026-01-22T19:46:09","guid":{"rendered":"https:\/\/3rok.pl\/d05\/home\/"},"modified":"2026-02-09T23:08:34","modified_gmt":"2026-02-09T22:08:34","slug":"home","status":"publish","type":"page","link":"https:\/\/3rok.pl\/d05\/","title":{"rendered":"Strona g\u0142\u00f3wna"},"content":{"rendered":"\t\t<div data-elementor-type=\"wp-page\" data-elementor-id=\"64\" class=\"elementor elementor-64\">\n\t\t\t\t<div class=\"elementor-element elementor-element-54768fda e-con-full e-flex e-con e-parent\" data-id=\"54768fda\" data-element_type=\"container\">\n\t\t<div class=\"elementor-element elementor-element-b3dbfd8 e-con-full e-flex e-con e-child\" data-id=\"b3dbfd8\" data-element_type=\"container\">\n\t\t\t\t<div class=\"elementor-element elementor-element-43831e8d elementor-widget elementor-widget-heading\" data-id=\"43831e8d\" data-element_type=\"widget\" data-widget_type=\"heading.default\">\n\t\t\t\t\t<h1 class=\"elementor-heading-title elementor-size-default\">Design portfolio<\/h1>\t\t\t\t<\/div>\n\t\t\t\t<div class=\"elementor-element elementor-element-322f706 elementor-widget-divider--view-line elementor-widget elementor-widget-divider\" data-id=\"322f706\" data-element_type=\"widget\" data-widget_type=\"divider.default\">\n\t\t\t\t\t\t\t<div class=\"elementor-divider\">\n\t\t\t<span class=\"elementor-divider-separator\">\n\t\t\t\t\t\t<\/span>\n\t\t<\/div>\n\t\t\t\t\t\t<\/div>\n\t\t\t\t<div class=\"elementor-element elementor-element-6f99c144 elementor-widget__width-initial elementor-widget-mobile__width-inherit elementor-widget elementor-widget-text-editor\" data-id=\"6f99c144\" data-element_type=\"widget\" data-widget_type=\"text-editor.default\">\n\t\t\t\t\t\t\t\t\t<p><b data-path-to-node=\"3,0\" data-index-in-node=\"0\">Mi\u0142o mi, \u017ce tu zagl\u0105dasz.<\/b><\/p><p>Jestem studentk\u0105 designu. Ta strona to moja kreatywna przestrze\u0144, w kt\u00f3rej dziel\u0119 si\u0119 swoimi pracami i tym, czego ucz\u0119 si\u0119 na co dzie\u0144. Zapraszam do obejrzenia moich projekt\u00f3w!<\/p>\t\t\t\t\t\t\t\t<\/div>\n\t\t\t\t<div class=\"elementor-element elementor-element-6380de1e elementor-mobile-align-center elementor-invisible elementor-widget elementor-widget-button\" data-id=\"6380de1e\" data-element_type=\"widget\" data-settings=\"{&quot;_animation&quot;:&quot;fadeInDown&quot;}\" data-widget_type=\"button.default\">\n\t\t\t\t\t\t\t\t\t\t<a class=\"elementor-button elementor-button-link elementor-size-sm\" href=\"https:\/\/3rok.pl\/d05\/kontakt-2\/\">\n\t\t\t\t\t\t<span class=\"elementor-button-content-wrapper\">\n\t\t\t\t\t\t\t\t\t<span class=\"elementor-button-text\">Napisz do mnie<\/span>\n\t\t\t\t\t<\/span>\n\t\t\t\t\t<\/a>\n\t\t\t\t\t\t\t\t<\/div>\n\t\t\t\t<\/div>\n\t\t<div class=\"elementor-element elementor-element-59102c52 e-con-full e-flex e-con e-child\" data-id=\"59102c52\" data-element_type=\"container\" data-settings=\"{&quot;background_background&quot;:&quot;classic&quot;}\">\n\t\t\t\t<div class=\"elementor-element elementor-element-81eed5d elementor-widget__width-inherit elementor-widget elementor-widget-image\" data-id=\"81eed5d\" data-element_type=\"widget\" data-widget_type=\"image.default\">\n\t\t\t\t\t\t\t\t\t\t\t\t\t\t\t<img fetchpriority=\"high\" decoding=\"async\" width=\"2560\" height=\"2411\" src=\"https:\/\/3rok.pl\/d05\/wp-content\/uploads\/2026\/02\/ja-1-scaled.jpg\" class=\"attachment-full size-full wp-image-453\" alt=\"\" srcset=\"https:\/\/3rok.pl\/d05\/wp-content\/uploads\/2026\/02\/ja-1-scaled.jpg 2560w, https:\/\/3rok.pl\/d05\/wp-content\/uploads\/2026\/02\/ja-1-300x283.jpg 300w, https:\/\/3rok.pl\/d05\/wp-content\/uploads\/2026\/02\/ja-1-1024x964.jpg 1024w, https:\/\/3rok.pl\/d05\/wp-content\/uploads\/2026\/02\/ja-1-768x723.jpg 768w, https:\/\/3rok.pl\/d05\/wp-content\/uploads\/2026\/02\/ja-1-1536x1446.jpg 1536w, https:\/\/3rok.pl\/d05\/wp-content\/uploads\/2026\/02\/ja-1-2048x1929.jpg 2048w, https:\/\/3rok.pl\/d05\/wp-content\/uploads\/2026\/02\/ja-1-64x60.jpg 64w\" sizes=\"(max-width: 2560px) 100vw, 2560px\" \/>\t\t\t\t\t\t\t\t\t\t\t\t\t\t\t<\/div>\n\t\t\t\t<\/div>\n\t\t\t\t<\/div>\n\t\t<div class=\"elementor-element elementor-element-5e07416a e-flex e-con-boxed e-con e-parent\" data-id=\"5e07416a\" data-element_type=\"container\">\n\t\t\t\t\t<div class=\"e-con-inner\">\n\t\t\t\t<div class=\"elementor-element elementor-element-13ca4282 elementor-widget elementor-widget-heading\" data-id=\"13ca4282\" data-element_type=\"widget\" data-widget_type=\"heading.default\">\n\t\t\t\t\t<h2 class=\"elementor-heading-title elementor-size-default\">Obejrzyj moje prace<\/h2>\t\t\t\t<\/div>\n\t\t<div class=\"elementor-element elementor-element-ef2ce77 e-con-full e-flex e-con e-child\" data-id=\"ef2ce77\" data-element_type=\"container\">\n\t\t\t\t<div class=\"elementor-element elementor-element-cbde2b0 elementor-widget elementor-widget-image\" data-id=\"cbde2b0\" data-element_type=\"widget\" data-widget_type=\"image.default\">\n\t\t\t\t\t\t\t\t\t\t\t\t\t\t\t<img decoding=\"async\" width=\"768\" height=\"1152\" src=\"https:\/\/3rok.pl\/d05\/wp-content\/uploads\/2026\/01\/W_23-24_techn-fotogr_Ir_Pochron-Monika_portret_S2_5-768x1152.jpg\" class=\"attachment-medium_large size-medium_large wp-image-103\" alt=\"\" srcset=\"https:\/\/3rok.pl\/d05\/wp-content\/uploads\/2026\/01\/W_23-24_techn-fotogr_Ir_Pochron-Monika_portret_S2_5-768x1152.jpg 768w, https:\/\/3rok.pl\/d05\/wp-content\/uploads\/2026\/01\/W_23-24_techn-fotogr_Ir_Pochron-Monika_portret_S2_5-200x300.jpg 200w, https:\/\/3rok.pl\/d05\/wp-content\/uploads\/2026\/01\/W_23-24_techn-fotogr_Ir_Pochron-Monika_portret_S2_5-683x1024.jpg 683w, https:\/\/3rok.pl\/d05\/wp-content\/uploads\/2026\/01\/W_23-24_techn-fotogr_Ir_Pochron-Monika_portret_S2_5-1024x1536.jpg 1024w, https:\/\/3rok.pl\/d05\/wp-content\/uploads\/2026\/01\/W_23-24_techn-fotogr_Ir_Pochron-Monika_portret_S2_5-1365x2048.jpg 1365w, https:\/\/3rok.pl\/d05\/wp-content\/uploads\/2026\/01\/W_23-24_techn-fotogr_Ir_Pochron-Monika_portret_S2_5-40x60.jpg 40w, https:\/\/3rok.pl\/d05\/wp-content\/uploads\/2026\/01\/W_23-24_techn-fotogr_Ir_Pochron-Monika_portret_S2_5-scaled.jpg 1707w\" sizes=\"(max-width: 768px) 100vw, 768px\" \/>\t\t\t\t\t\t\t\t\t\t\t\t\t\t\t<\/div>\n\t\t<div class=\"elementor-element elementor-element-2d4385f9 e-con-full e-flex e-con e-child\" data-id=\"2d4385f9\" data-element_type=\"container\" data-settings=\"{&quot;background_background&quot;:&quot;classic&quot;}\">\n\t\t\t\t<\/div>\n\t\t\t\t<div class=\"elementor-element elementor-element-62f9959d elementor-widget elementor-widget-image\" data-id=\"62f9959d\" data-element_type=\"widget\" data-widget_type=\"image.default\">\n\t\t\t\t\t\t\t\t\t\t\t\t\t\t\t<img decoding=\"async\" width=\"768\" height=\"1076\" src=\"https:\/\/3rok.pl\/d05\/wp-content\/uploads\/2026\/01\/W_23-24_techn-fotogr_Ir_Pochron-Monika_obiekt_S3_4-768x1076.jpg\" class=\"attachment-medium_large size-medium_large wp-image-104\" alt=\"\" srcset=\"https:\/\/3rok.pl\/d05\/wp-content\/uploads\/2026\/01\/W_23-24_techn-fotogr_Ir_Pochron-Monika_obiekt_S3_4-768x1076.jpg 768w, https:\/\/3rok.pl\/d05\/wp-content\/uploads\/2026\/01\/W_23-24_techn-fotogr_Ir_Pochron-Monika_obiekt_S3_4-214x300.jpg 214w, https:\/\/3rok.pl\/d05\/wp-content\/uploads\/2026\/01\/W_23-24_techn-fotogr_Ir_Pochron-Monika_obiekt_S3_4-731x1024.jpg 731w, https:\/\/3rok.pl\/d05\/wp-content\/uploads\/2026\/01\/W_23-24_techn-fotogr_Ir_Pochron-Monika_obiekt_S3_4-1096x1536.jpg 1096w, https:\/\/3rok.pl\/d05\/wp-content\/uploads\/2026\/01\/W_23-24_techn-fotogr_Ir_Pochron-Monika_obiekt_S3_4-1461x2048.jpg 1461w, https:\/\/3rok.pl\/d05\/wp-content\/uploads\/2026\/01\/W_23-24_techn-fotogr_Ir_Pochron-Monika_obiekt_S3_4-43x60.jpg 43w, https:\/\/3rok.pl\/d05\/wp-content\/uploads\/2026\/01\/W_23-24_techn-fotogr_Ir_Pochron-Monika_obiekt_S3_4-scaled.jpg 1826w\" sizes=\"(max-width: 768px) 100vw, 768px\" \/>\t\t\t\t\t\t\t\t\t\t\t\t\t\t\t<\/div>\n\t\t\t\t<\/div>\n\t\t<div class=\"elementor-element elementor-element-47bb9e4b e-con-full e-flex e-con e-child\" data-id=\"47bb9e4b\" data-element_type=\"container\">\n\t\t\t\t<div class=\"elementor-element elementor-element-1cb18cf4 elementor-widget elementor-widget-text-editor\" data-id=\"1cb18cf4\" data-element_type=\"widget\" data-widget_type=\"text-editor.default\">\n\t\t\t\t\t\t\t\t\t<p>Moje podej\u015bcie do projektowania opiera si\u0119 na ci\u0105g\u0142ym poszukiwaniu nowych form wyrazu. Jako studentka designu wierz\u0119, \u017ce wszechstronno\u015b\u0107 jest kluczem do tworzenia ciekawych projekt\u00f3w, dlatego ch\u0119tnie \u0142\u0105cz\u0119 techniki cyfrowe z tradycyjnym warsztatem.<\/p>\t\t\t\t\t\t\t\t<\/div>\n\t\t\t\t<div class=\"elementor-element elementor-element-31da2c37 elementor-align-center elementor-invisible elementor-widget elementor-widget-button\" data-id=\"31da2c37\" data-element_type=\"widget\" data-settings=\"{&quot;_animation&quot;:&quot;fadeInDown&quot;}\" data-widget_type=\"button.default\">\n\t\t\t\t\t\t\t\t\t\t<a class=\"elementor-button elementor-button-link elementor-size-sm\" href=\"https:\/\/3rok.pl\/d05\/gallery\/\">\n\t\t\t\t\t\t<span class=\"elementor-button-content-wrapper\">\n\t\t\t\t\t\t\t\t\t<span class=\"elementor-button-text\">Zobacz wi\u0119cej<\/span>\n\t\t\t\t\t<\/span>\n\t\t\t\t\t<\/a>\n\t\t\t\t\t\t\t\t<\/div>\n\t\t\t\t<\/div>\n\t\t\t\t\t<\/div>\n\t\t\t\t<\/div>\n\t\t<div class=\"elementor-element elementor-element-603cf9f8 e-con-full e-flex e-con e-parent\" data-id=\"603cf9f8\" data-element_type=\"container\">\n\t\t\t\t<div class=\"elementor-element elementor-element-504061a3 elementor-widget elementor-widget-heading\" data-id=\"504061a3\" data-element_type=\"widget\" data-widget_type=\"heading.default\">\n\t\t\t\t\t<h2 class=\"elementor-heading-title elementor-size-default\">Moje umiej\u0119tno\u015bci<\/h2>\t\t\t\t<\/div>\n\t\t<div class=\"elementor-element elementor-element-750aab8a e-con-full e-flex e-con e-child\" data-id=\"750aab8a\" data-element_type=\"container\">\n\t\t<div class=\"elementor-element elementor-element-10f72d55 e-con-full e-flex e-con e-child\" data-id=\"10f72d55\" data-element_type=\"container\">\n\t\t\t\t<div class=\"elementor-element elementor-element-66da657e elementor-position-top elementor-widget elementor-widget-image-box\" data-id=\"66da657e\" data-element_type=\"widget\" data-widget_type=\"image-box.default\">\n\t\t\t\t\t<div class=\"elementor-image-box-wrapper\"><figure class=\"elementor-image-box-img\"><a href=\"https:\/\/3rok.pl\/d05\/gallery\/\" tabindex=\"-1\"><img loading=\"lazy\" decoding=\"async\" width=\"501\" height=\"500\" src=\"https:\/\/3rok.pl\/d05\/wp-content\/uploads\/2026\/01\/Zasob-2-100.jpg\" class=\"attachment-full size-full wp-image-118\" alt=\"\" srcset=\"https:\/\/3rok.pl\/d05\/wp-content\/uploads\/2026\/01\/Zasob-2-100.jpg 501w, https:\/\/3rok.pl\/d05\/wp-content\/uploads\/2026\/01\/Zasob-2-100-300x300.jpg 300w, https:\/\/3rok.pl\/d05\/wp-content\/uploads\/2026\/01\/Zasob-2-100-150x150.jpg 150w, https:\/\/3rok.pl\/d05\/wp-content\/uploads\/2026\/01\/Zasob-2-100-60x60.jpg 60w\" sizes=\"(max-width: 501px) 100vw, 501px\" \/><\/a><\/figure><div class=\"elementor-image-box-content\"><h3 class=\"elementor-image-box-title\"><a href=\"https:\/\/3rok.pl\/d05\/gallery\/\">Projektowanie 3D<\/a><\/h3><p class=\"elementor-image-box-description\">Zbi\u00f3r \u0107wicze\u0144 akademickich, podczas kt\u00f3rych szlifowa\u0142am umiej\u0119tno\u015bci modelowania obiekt\u00f3w oraz tworzenia ich wizualizacji.<\/p><\/div><\/div>\t\t\t\t<\/div>\n\t\t\t\t<\/div>\n\t\t<div class=\"elementor-element elementor-element-208e0f40 e-con-full e-flex e-con e-child\" data-id=\"208e0f40\" data-element_type=\"container\">\n\t\t\t\t<div class=\"elementor-element elementor-element-54f33611 elementor-position-top elementor-widget elementor-widget-image-box\" data-id=\"54f33611\" data-element_type=\"widget\" data-widget_type=\"image-box.default\">\n\t\t\t\t\t<div class=\"elementor-image-box-wrapper\"><figure class=\"elementor-image-box-img\"><a href=\"https:\/\/3rok.pl\/d05\/gallery\/\" tabindex=\"-1\"><img loading=\"lazy\" decoding=\"async\" width=\"666\" height=\"669\" src=\"https:\/\/3rok.pl\/d05\/wp-content\/uploads\/2026\/01\/Zrzut-ekranu-2026-01-22-224816.png\" class=\"attachment-full size-full wp-image-112\" alt=\"\" srcset=\"https:\/\/3rok.pl\/d05\/wp-content\/uploads\/2026\/01\/Zrzut-ekranu-2026-01-22-224816.png 666w, https:\/\/3rok.pl\/d05\/wp-content\/uploads\/2026\/01\/Zrzut-ekranu-2026-01-22-224816-300x300.png 300w, https:\/\/3rok.pl\/d05\/wp-content\/uploads\/2026\/01\/Zrzut-ekranu-2026-01-22-224816-150x150.png 150w, https:\/\/3rok.pl\/d05\/wp-content\/uploads\/2026\/01\/Zrzut-ekranu-2026-01-22-224816-60x60.png 60w\" sizes=\"(max-width: 666px) 100vw, 666px\" \/><\/a><\/figure><div class=\"elementor-image-box-content\"><h3 class=\"elementor-image-box-title\"><a href=\"https:\/\/3rok.pl\/d05\/gallery\/\">Projektowanie 2D<\/a><\/h3><p class=\"elementor-image-box-description\">Prace wykonane w ramach zaj\u0119\u0107, b\u0119d\u0105ce efektem nauki program\u00f3w pakietu Adobe i zg\u0142\u0119biania zasad komunikacji wizualnej.<\/p><\/div><\/div>\t\t\t\t<\/div>\n\t\t\t\t<\/div>\n\t\t<div class=\"elementor-element elementor-element-4951f18a e-con-full e-flex e-con e-child\" data-id=\"4951f18a\" data-element_type=\"container\">\n\t\t\t\t<div class=\"elementor-element elementor-element-25846d51 elementor-position-top elementor-widget elementor-widget-image-box\" data-id=\"25846d51\" data-element_type=\"widget\" data-widget_type=\"image-box.default\">\n\t\t\t\t\t<div class=\"elementor-image-box-wrapper\"><figure class=\"elementor-image-box-img\"><a href=\"https:\/\/3rok.pl\/d05\/gallery\/\" tabindex=\"-1\"><img loading=\"lazy\" decoding=\"async\" width=\"2560\" height=\"2539\" src=\"https:\/\/3rok.pl\/d05\/wp-content\/uploads\/2026\/01\/W_23-24_techn-fotogr_Ir_Pochron-Monika_obiekt_S1_3-scaled.jpg\" class=\"attachment-full size-full wp-image-110\" alt=\"\" srcset=\"https:\/\/3rok.pl\/d05\/wp-content\/uploads\/2026\/01\/W_23-24_techn-fotogr_Ir_Pochron-Monika_obiekt_S1_3-scaled.jpg 2560w, https:\/\/3rok.pl\/d05\/wp-content\/uploads\/2026\/01\/W_23-24_techn-fotogr_Ir_Pochron-Monika_obiekt_S1_3-300x298.jpg 300w, https:\/\/3rok.pl\/d05\/wp-content\/uploads\/2026\/01\/W_23-24_techn-fotogr_Ir_Pochron-Monika_obiekt_S1_3-1024x1016.jpg 1024w, https:\/\/3rok.pl\/d05\/wp-content\/uploads\/2026\/01\/W_23-24_techn-fotogr_Ir_Pochron-Monika_obiekt_S1_3-150x150.jpg 150w, https:\/\/3rok.pl\/d05\/wp-content\/uploads\/2026\/01\/W_23-24_techn-fotogr_Ir_Pochron-Monika_obiekt_S1_3-768x762.jpg 768w, https:\/\/3rok.pl\/d05\/wp-content\/uploads\/2026\/01\/W_23-24_techn-fotogr_Ir_Pochron-Monika_obiekt_S1_3-1536x1524.jpg 1536w, https:\/\/3rok.pl\/d05\/wp-content\/uploads\/2026\/01\/W_23-24_techn-fotogr_Ir_Pochron-Monika_obiekt_S1_3-2048x2032.jpg 2048w, https:\/\/3rok.pl\/d05\/wp-content\/uploads\/2026\/01\/W_23-24_techn-fotogr_Ir_Pochron-Monika_obiekt_S1_3-60x60.jpg 60w\" sizes=\"(max-width: 2560px) 100vw, 2560px\" \/><\/a><\/figure><div class=\"elementor-image-box-content\"><h3 class=\"elementor-image-box-title\"><a href=\"https:\/\/3rok.pl\/d05\/gallery\/\">Fotografia<\/a><\/h3><p class=\"elementor-image-box-description\">Poznaj moje spojrzenie przez obiektyw\nPowy\u017csza galeria to efekt sesji studyjnych i plenerowych wykonanych w trakcie studi\u00f3w.<\/p><\/div><\/div>\t\t\t\t<\/div>\n\t\t\t\t<\/div>\n\t\t<div class=\"elementor-element elementor-element-1856c2ea e-con-full e-flex e-con e-child\" data-id=\"1856c2ea\" data-element_type=\"container\">\n\t\t\t\t<div class=\"elementor-element elementor-element-761ad57f elementor-position-top elementor-widget elementor-widget-image-box\" data-id=\"761ad57f\" data-element_type=\"widget\" data-widget_type=\"image-box.default\">\n\t\t\t\t\t<div class=\"elementor-image-box-wrapper\"><figure class=\"elementor-image-box-img\"><a href=\"https:\/\/3rok.pl\/d05\/gallery\/\" tabindex=\"-1\"><img decoding=\"async\" src=\"https:\/\/3rok.pl\/d05\/wp-content\/uploads\/elementor\/thumbs\/20250609_100813-scaled-ri1t4yghld2o9675vg70t56pahyxcxz8lm001eo4z0.jpg\" title=\"20250609_100813\" alt=\"20250609_100813\" loading=\"lazy\" \/><\/a><\/figure><div class=\"elementor-image-box-content\"><h3 class=\"elementor-image-box-title\"><a href=\"https:\/\/3rok.pl\/d05\/gallery\/\">Rze\u017aba<\/a><\/h3><p class=\"elementor-image-box-description\">Moje rze\u017abiarskie portfolio obejmuje r\u00f3\u017cne podej\u015bcia: od realistycznego studium portretowego, p\u0142askorze\u017ab\u0119, a\u017c po formy przestrzenne. <\/p><\/div><\/div>\t\t\t\t<\/div>\n\t\t\t\t<\/div>\n\t\t\t\t<\/div>\n\t\t\t\t<\/div>\n\t\t<div class=\"elementor-element elementor-element-64602dce e-con-full e-flex e-con e-parent\" data-id=\"64602dce\" data-element_type=\"container\">\n\t\t<div class=\"elementor-element elementor-element-13d7bffc e-con-full e-flex e-con e-child\" data-id=\"13d7bffc\" data-element_type=\"container\">\n\t\t\t\t<div class=\"elementor-element elementor-element-541ca2e6 elementor-pagination-position-inside elementor-widget elementor-widget-image-carousel\" data-id=\"541ca2e6\" data-element_type=\"widget\" data-settings=\"{&quot;slides_to_show&quot;:&quot;1&quot;,&quot;navigation&quot;:&quot;dots&quot;,&quot;pause_on_hover&quot;:&quot;no&quot;,&quot;pause_on_interaction&quot;:&quot;no&quot;,&quot;autoplay&quot;:&quot;yes&quot;,&quot;autoplay_speed&quot;:5000,&quot;infinite&quot;:&quot;yes&quot;,&quot;effect&quot;:&quot;slide&quot;,&quot;speed&quot;:500}\" data-widget_type=\"image-carousel.default\">\n\t\t\t\t\t\t\t<div class=\"elementor-image-carousel-wrapper swiper\" role=\"region\" aria-roledescription=\"carousel\" aria-label=\"Karuzela obrazk\u00f3w\" dir=\"ltr\">\n\t\t\t<div class=\"elementor-image-carousel swiper-wrapper swiper-image-stretch\" aria-live=\"off\">\n\t\t\t\t\t\t\t\t<div class=\"swiper-slide\" role=\"group\" aria-roledescription=\"slide\" aria-label=\"1 z 3\"><figure class=\"swiper-slide-inner\"><img decoding=\"async\" class=\"swiper-slide-image\" src=\"https:\/\/3rok.pl\/d05\/wp-content\/uploads\/2026\/01\/Zasob-5-100.jpg\" alt=\"Zas\u00f3b 5-100\" \/><\/figure><\/div><div class=\"swiper-slide\" role=\"group\" aria-roledescription=\"slide\" aria-label=\"2 z 3\"><figure class=\"swiper-slide-inner\"><img decoding=\"async\" class=\"swiper-slide-image\" src=\"https:\/\/3rok.pl\/d05\/wp-content\/uploads\/2026\/01\/Zasob-6-100.jpg\" alt=\"Zas\u00f3b 6-100\" \/><\/figure><\/div><div class=\"swiper-slide\" role=\"group\" aria-roledescription=\"slide\" aria-label=\"3 z 3\"><figure class=\"swiper-slide-inner\"><img decoding=\"async\" class=\"swiper-slide-image\" src=\"https:\/\/3rok.pl\/d05\/wp-content\/uploads\/2026\/01\/Zrzut-ekranu-2026-01-23-151007.png\" alt=\"Zrzut ekranu 2026-01-23 151007\" \/><\/figure><\/div>\t\t\t<\/div>\n\t\t\t\t\t\t\t\n\t\t\t\t\t\t\t\t\t<div class=\"swiper-pagination\"><\/div>\n\t\t\t\t\t\t\t\t\t<\/div>\n\t\t\t\t\t\t<\/div>\n\t\t\t\t<\/div>\n\t\t<div class=\"elementor-element elementor-element-2bc4d7a2 e-con-full e-flex e-con e-child\" data-id=\"2bc4d7a2\" data-element_type=\"container\">\n\t\t\t\t<div class=\"elementor-element elementor-element-1f08210a elementor-widget__width-initial elementor-widget elementor-widget-heading\" data-id=\"1f08210a\" data-element_type=\"widget\" data-widget_type=\"heading.default\">\n\t\t\t\t\t<h2 class=\"elementor-heading-title elementor-size-default\">Dla szukaj\u0105cych autentyczno\u015bci<\/h2>\t\t\t\t<\/div>\n\t\t\t\t<div class=\"elementor-element elementor-element-f2744ef elementor-widget__width-initial elementor-widget elementor-widget-text-editor\" data-id=\"f2744ef\" data-element_type=\"widget\" data-widget_type=\"text-editor.default\">\n\t\t\t\t\t\t\t\t\t<p>Do ka\u017cdego zadania podchodz\u0119 z uwag\u0105, staraj\u0105c si\u0119, aby moje projekty by\u0142y dopracowane i estetyczne. Wykorzystuj\u0119 umiej\u0119tno\u015bci zdobyte na r\u00f3\u017cnych polach, by szuka\u0107 ciekawych rozwi\u0105za\u0144 i stale rozwija\u0107 sw\u00f3j warsztat projektowy.<\/p>\t\t\t\t\t\t\t\t<\/div>\n\t\t\t\t<div class=\"elementor-element elementor-element-7824db44 elementor-align-left elementor-mobile-align-center elementor-invisible elementor-widget elementor-widget-button\" data-id=\"7824db44\" data-element_type=\"widget\" data-settings=\"{&quot;_animation&quot;:&quot;fadeInDown&quot;}\" data-widget_type=\"button.default\">\n\t\t\t\t\t\t\t\t\t\t<a class=\"elementor-button elementor-button-link elementor-size-sm\" href=\"https:\/\/3rok.pl\/d05\/kontakt-2\/\">\n\t\t\t\t\t\t<span class=\"elementor-button-content-wrapper\">\n\t\t\t\t\t\t\t\t\t<span class=\"elementor-button-text\">Skontaktuj si\u0119 ze mn\u0105<\/span>\n\t\t\t\t\t<\/span>\n\t\t\t\t\t<\/a>\n\t\t\t\t\t\t\t\t<\/div>\n\t\t\t\t<\/div>\n\t\t\t\t<\/div>\n\t\t<div class=\"elementor-element elementor-element-f335120 e-flex e-con-boxed e-con e-parent\" data-id=\"f335120\" data-element_type=\"container\">\n\t\t\t\t\t<div class=\"e-con-inner\">\n\t\t\t\t\t<\/div>\n\t\t\t\t<\/div>\n\t\t\t\t<\/div>\n\t\t","protected":false},"excerpt":{"rendered":"<p>Design portfolio Mi\u0142o mi, \u017ce tu zagl\u0105dasz. Jestem studentk\u0105 designu. Ta strona to moja kreatywna przestrze\u0144, w kt\u00f3rej dziel\u0119 si\u0119 swoimi pracami i tym, czego ucz\u0119 si\u0119 na co dzie\u0144. Zapraszam do obejrzenia moich projekt\u00f3w! Napisz do mnie Obejrzyj moje prace Moje podej\u015bcie do projektowania opiera si\u0119 na ci\u0105g\u0142ym poszukiwaniu nowych form wyrazu. Jako studentka &hellip; <\/p>\n","protected":false},"author":1,"featured_media":69,"parent":0,"menu_order":0,"comment_status":"closed","ping_status":"closed","template":"elementor_header_footer","meta":{"footnotes":""},"class_list":["post-64","page","type-page","status-publish","has-post-thumbnail","hentry"],"_links":{"self":[{"href":"https:\/\/3rok.pl\/d05\/wp-json\/wp\/v2\/pages\/64","targetHints":{"allow":["GET"]}}],"collection":[{"href":"https:\/\/3rok.pl\/d05\/wp-json\/wp\/v2\/pages"}],"about":[{"href":"https:\/\/3rok.pl\/d05\/wp-json\/wp\/v2\/types\/page"}],"author":[{"embeddable":true,"href":"https:\/\/3rok.pl\/d05\/wp-json\/wp\/v2\/users\/1"}],"replies":[{"embeddable":true,"href":"https:\/\/3rok.pl\/d05\/wp-json\/wp\/v2\/comments?post=64"}],"version-history":[{"count":179,"href":"https:\/\/3rok.pl\/d05\/wp-json\/wp\/v2\/pages\/64\/revisions"}],"predecessor-version":[{"id":544,"href":"https:\/\/3rok.pl\/d05\/wp-json\/wp\/v2\/pages\/64\/revisions\/544"}],"wp:featuredmedia":[{"embeddable":true,"href":"https:\/\/3rok.pl\/d05\/wp-json\/wp\/v2\/media\/69"}],"wp:attachment":[{"href":"https:\/\/3rok.pl\/d05\/wp-json\/wp\/v2\/media?parent=64"}],"curies":[{"name":"wp","href":"https:\/\/api.w.org\/{rel}","templated":true}]}}