{"id":40,"date":"2026-01-22T20:46:05","date_gmt":"2026-01-22T19:46:05","guid":{"rendered":"https:\/\/3rok.pl\/d05\/gallery\/"},"modified":"2026-02-08T21:27:45","modified_gmt":"2026-02-08T20:27:45","slug":"gallery","status":"publish","type":"page","link":"https:\/\/3rok.pl\/d05\/gallery\/","title":{"rendered":"Galeria"},"content":{"rendered":"\t\t<div data-elementor-type=\"wp-page\" data-elementor-id=\"40\" class=\"elementor elementor-40\">\n\t\t\t\t<div class=\"elementor-element elementor-element-2dfa645a e-flex e-con-boxed e-con e-parent\" data-id=\"2dfa645a\" data-element_type=\"container\">\n\t\t\t\t\t<div class=\"e-con-inner\">\n\t\t\t\t<div class=\"elementor-element elementor-element-403f272e elementor-widget elementor-widget-heading\" data-id=\"403f272e\" data-element_type=\"widget\" data-widget_type=\"heading.default\">\n\t\t\t\t\t<h1 class=\"elementor-heading-title elementor-size-default\">Galeria<\/h1>\t\t\t\t<\/div>\n\t\t\t\t<div class=\"elementor-element elementor-element-22bf8dba elementor-widget-divider--view-line elementor-widget elementor-widget-divider\" data-id=\"22bf8dba\" data-element_type=\"widget\" data-widget_type=\"divider.default\">\n\t\t\t\t\t\t\t<div class=\"elementor-divider\">\n\t\t\t<span class=\"elementor-divider-separator\">\n\t\t\t\t\t\t<\/span>\n\t\t<\/div>\n\t\t\t\t\t\t<\/div>\n\t\t\t\t<div class=\"elementor-element elementor-element-21fb1ea8 elementor-widget__width-initial elementor-widget-tablet__width-initial elementor-widget elementor-widget-heading\" data-id=\"21fb1ea8\" data-element_type=\"widget\" data-widget_type=\"heading.default\">\n\t\t\t\t\t<h5 class=\"elementor-heading-title elementor-size-default\">Zbi\u00f3r moich wybranych prac i \u0107wicze\u0144 projektowych<\/h5>\t\t\t\t<\/div>\n\t\t\t\t\t<\/div>\n\t\t\t\t<\/div>\n\t\t<div class=\"elementor-element elementor-element-6c78c143 e-flex e-con-boxed e-con e-parent\" data-id=\"6c78c143\" data-element_type=\"container\">\n\t\t\t\t\t<div class=\"e-con-inner\">\n\t\t\t\t<div class=\"elementor-element elementor-element-14d4fc42 gallery-spacing-custom elementor-widget elementor-widget-image-gallery\" data-id=\"14d4fc42\" data-element_type=\"widget\" data-widget_type=\"image-gallery.default\">\n\t\t\t\t\t\t\t<div class=\"elementor-image-gallery\">\n\t\t\t<div id='gallery-1' class='gallery galleryid-40 gallery-columns-2 gallery-size-full'><figure class='gallery-item'>\n\t\t\t<div class='gallery-icon landscape'>\n\t\t\t\t<a data-elementor-open-lightbox=\"yes\" data-elementor-lightbox-slideshow=\"14d4fc42\" data-elementor-lightbox-title=\"Logo sklepu spo\u017cywczego\" data-elementor-lightbox-description=\"Projektowanie komunikacji wizualnej\" data-e-action-hash=\"#elementor-action%3Aaction%3Dlightbox%26settings%3DeyJpZCI6MTg2LCJ1cmwiOiJodHRwczpcL1wvM3Jvay5wbFwvZDA1XC93cC1jb250ZW50XC91cGxvYWRzXC8yMDI2XC8wMVwvMTcwLXNjYWxlZC5wbmciLCJzbGlkZXNob3ciOiIxNGQ0ZmM0MiJ9\" href='https:\/\/3rok.pl\/d05\/wp-content\/uploads\/2026\/01\/170-scaled.png'><img fetchpriority=\"high\" decoding=\"async\" width=\"2560\" height=\"1707\" src=\"https:\/\/3rok.pl\/d05\/wp-content\/uploads\/2026\/01\/170-scaled.png\" class=\"attachment-full size-full\" alt=\"\" aria-describedby=\"gallery-1-186\" srcset=\"https:\/\/3rok.pl\/d05\/wp-content\/uploads\/2026\/01\/170-scaled.png 2560w, https:\/\/3rok.pl\/d05\/wp-content\/uploads\/2026\/01\/170-300x200.png 300w, https:\/\/3rok.pl\/d05\/wp-content\/uploads\/2026\/01\/170-1024x683.png 1024w, https:\/\/3rok.pl\/d05\/wp-content\/uploads\/2026\/01\/170-768x512.png 768w, https:\/\/3rok.pl\/d05\/wp-content\/uploads\/2026\/01\/170-1536x1024.png 1536w, https:\/\/3rok.pl\/d05\/wp-content\/uploads\/2026\/01\/170-2048x1365.png 2048w, https:\/\/3rok.pl\/d05\/wp-content\/uploads\/2026\/01\/170-90x60.png 90w\" sizes=\"(max-width: 2560px) 100vw, 2560px\" \/><\/a>\n\t\t\t<\/div>\n\t\t\t\t<figcaption class='wp-caption-text gallery-caption' id='gallery-1-186'>\n\t\t\t\tProjektowanie komunikacji wizualnej\n\t\t\t\t<\/figcaption><\/figure><figure class='gallery-item'>\n\t\t\t<div class='gallery-icon landscape'>\n\t\t\t\t<a data-elementor-open-lightbox=\"yes\" data-elementor-lightbox-slideshow=\"14d4fc42\" data-elementor-lightbox-title=\"Obejma\" data-elementor-lightbox-description=\"Projektowanie 3D\" data-e-action-hash=\"#elementor-action%3Aaction%3Dlightbox%26settings%3DeyJpZCI6NTAyLCJ1cmwiOiJodHRwczpcL1wvM3Jvay5wbFwvZDA1XC93cC1jb250ZW50XC91cGxvYWRzXC8yMDI2XC8wMlwvb2Jlam1hLnBuZyIsInNsaWRlc2hvdyI6IjE0ZDRmYzQyIn0%3D\" href='https:\/\/3rok.pl\/d05\/wp-content\/uploads\/2026\/02\/obejma.png'><img decoding=\"async\" width=\"756\" height=\"504\" src=\"https:\/\/3rok.pl\/d05\/wp-content\/uploads\/2026\/02\/obejma.png\" class=\"attachment-full size-full\" alt=\"\" aria-describedby=\"gallery-1-502\" srcset=\"https:\/\/3rok.pl\/d05\/wp-content\/uploads\/2026\/02\/obejma.png 756w, https:\/\/3rok.pl\/d05\/wp-content\/uploads\/2026\/02\/obejma-300x200.png 300w, https:\/\/3rok.pl\/d05\/wp-content\/uploads\/2026\/02\/obejma-90x60.png 90w\" sizes=\"(max-width: 756px) 100vw, 756px\" \/><\/a>\n\t\t\t<\/div>\n\t\t\t\t<figcaption class='wp-caption-text gallery-caption' id='gallery-1-502'>\n\t\t\t\tProjektowanie 3D\n\t\t\t\t<\/figcaption><\/figure><figure class='gallery-item'>\n\t\t\t<div class='gallery-icon landscape'>\n\t\t\t\t<a data-elementor-open-lightbox=\"yes\" data-elementor-lightbox-slideshow=\"14d4fc42\" data-elementor-lightbox-title=\"Ok\u0142adka ksi\u0105\u017cki\" data-elementor-lightbox-description=\"Projektowanie graficzne\" data-e-action-hash=\"#elementor-action%3Aaction%3Dlightbox%26settings%3DeyJpZCI6NTA2LCJ1cmwiOiJodHRwczpcL1wvM3Jvay5wbFwvZDA1XC93cC1jb250ZW50XC91cGxvYWRzXC8yMDI2XC8wMlwva3MucG5nIiwic2xpZGVzaG93IjoiMTRkNGZjNDIifQ%3D%3D\" href='https:\/\/3rok.pl\/d05\/wp-content\/uploads\/2026\/02\/ks.png'><img decoding=\"async\" width=\"756\" height=\"504\" src=\"https:\/\/3rok.pl\/d05\/wp-content\/uploads\/2026\/02\/ks.png\" class=\"attachment-full size-full\" alt=\"\" aria-describedby=\"gallery-1-506\" srcset=\"https:\/\/3rok.pl\/d05\/wp-content\/uploads\/2026\/02\/ks.png 756w, https:\/\/3rok.pl\/d05\/wp-content\/uploads\/2026\/02\/ks-300x200.png 300w, https:\/\/3rok.pl\/d05\/wp-content\/uploads\/2026\/02\/ks-90x60.png 90w\" sizes=\"(max-width: 756px) 100vw, 756px\" \/><\/a>\n\t\t\t<\/div>\n\t\t\t\t<figcaption class='wp-caption-text gallery-caption' id='gallery-1-506'>\n\t\t\t\tProjektowanie graficzne\n\t\t\t\t<\/figcaption><\/figure><figure class='gallery-item'>\n\t\t\t<div class='gallery-icon landscape'>\n\t\t\t\t<a data-elementor-open-lightbox=\"yes\" data-elementor-lightbox-slideshow=\"14d4fc42\" data-elementor-lightbox-title=\"Logo sklepu spo\u017cywczego\" data-elementor-lightbox-description=\"Projektowanie komunikacji wizualnej\" data-e-action-hash=\"#elementor-action%3Aaction%3Dlightbox%26settings%3DeyJpZCI6NTA3LCJ1cmwiOiJodHRwczpcL1wvM3Jvay5wbFwvZDA1XC93cC1jb250ZW50XC91cGxvYWRzXC8yMDI2XC8wMlwvbG9nby5wbmciLCJzbGlkZXNob3ciOiIxNGQ0ZmM0MiJ9\" href='https:\/\/3rok.pl\/d05\/wp-content\/uploads\/2026\/02\/logo.png'><img loading=\"lazy\" decoding=\"async\" width=\"756\" height=\"504\" src=\"https:\/\/3rok.pl\/d05\/wp-content\/uploads\/2026\/02\/logo.png\" class=\"attachment-full size-full\" alt=\"\" aria-describedby=\"gallery-1-507\" srcset=\"https:\/\/3rok.pl\/d05\/wp-content\/uploads\/2026\/02\/logo.png 756w, https:\/\/3rok.pl\/d05\/wp-content\/uploads\/2026\/02\/logo-300x200.png 300w, https:\/\/3rok.pl\/d05\/wp-content\/uploads\/2026\/02\/logo-90x60.png 90w\" sizes=\"(max-width: 756px) 100vw, 756px\" \/><\/a>\n\t\t\t<\/div>\n\t\t\t\t<figcaption class='wp-caption-text gallery-caption' id='gallery-1-507'>\n\t\t\t\tProjektowanie komunikacji wizualnej\n\t\t\t\t<\/figcaption><\/figure><figure class='gallery-item'>\n\t\t\t<div class='gallery-icon landscape'>\n\t\t\t\t<a data-elementor-open-lightbox=\"yes\" data-elementor-lightbox-slideshow=\"14d4fc42\" data-elementor-lightbox-title=\"Groteskowa kartka \u015bwi\u0105teczna\" data-elementor-lightbox-description=\"Projektowanie graficzne i modelowanie 3D\" data-e-action-hash=\"#elementor-action%3Aaction%3Dlightbox%26settings%3DeyJpZCI6NTA1LCJ1cmwiOiJodHRwczpcL1wvM3Jvay5wbFwvZDA1XC93cC1jb250ZW50XC91cGxvYWRzXC8yMDI2XC8wMlwvbWUucG5nIiwic2xpZGVzaG93IjoiMTRkNGZjNDIifQ%3D%3D\" href='https:\/\/3rok.pl\/d05\/wp-content\/uploads\/2026\/02\/me.png'><img loading=\"lazy\" decoding=\"async\" width=\"756\" height=\"504\" src=\"https:\/\/3rok.pl\/d05\/wp-content\/uploads\/2026\/02\/me.png\" class=\"attachment-full size-full\" alt=\"\" aria-describedby=\"gallery-1-505\" srcset=\"https:\/\/3rok.pl\/d05\/wp-content\/uploads\/2026\/02\/me.png 756w, https:\/\/3rok.pl\/d05\/wp-content\/uploads\/2026\/02\/me-300x200.png 300w, https:\/\/3rok.pl\/d05\/wp-content\/uploads\/2026\/02\/me-90x60.png 90w\" sizes=\"(max-width: 756px) 100vw, 756px\" \/><\/a>\n\t\t\t<\/div>\n\t\t\t\t<figcaption class='wp-caption-text gallery-caption' id='gallery-1-505'>\n\t\t\t\tProjektowanie graficzne i modelowanie 3D\n\t\t\t\t<\/figcaption><\/figure><figure class='gallery-item'>\n\t\t\t<div class='gallery-icon landscape'>\n\t\t\t\t<a data-elementor-open-lightbox=\"yes\" data-elementor-lightbox-slideshow=\"14d4fc42\" data-elementor-lightbox-title=\"Pami\u0105tka z Tarnowa\" data-elementor-lightbox-description=\"Projektowanie zr\u00f3wnowa\u017cone\" data-e-action-hash=\"#elementor-action%3Aaction%3Dlightbox%26settings%3DeyJpZCI6NTA0LCJ1cmwiOiJodHRwczpcL1wvM3Jvay5wbFwvZDA1XC93cC1jb250ZW50XC91cGxvYWRzXC8yMDI2XC8wMlwvcC5wbmciLCJzbGlkZXNob3ciOiIxNGQ0ZmM0MiJ9\" href='https:\/\/3rok.pl\/d05\/wp-content\/uploads\/2026\/02\/p.png'><img loading=\"lazy\" decoding=\"async\" width=\"756\" height=\"504\" src=\"https:\/\/3rok.pl\/d05\/wp-content\/uploads\/2026\/02\/p.png\" class=\"attachment-full size-full\" alt=\"\" aria-describedby=\"gallery-1-504\" srcset=\"https:\/\/3rok.pl\/d05\/wp-content\/uploads\/2026\/02\/p.png 756w, https:\/\/3rok.pl\/d05\/wp-content\/uploads\/2026\/02\/p-300x200.png 300w, https:\/\/3rok.pl\/d05\/wp-content\/uploads\/2026\/02\/p-90x60.png 90w\" sizes=\"(max-width: 756px) 100vw, 756px\" \/><\/a>\n\t\t\t<\/div>\n\t\t\t\t<figcaption class='wp-caption-text gallery-caption' id='gallery-1-504'>\n\t\t\t\tProjektowanie zr\u00f3wnowa\u017cone\n\t\t\t\t<\/figcaption><\/figure>\n\t\t<\/div>\n\t\t<\/div>\n\t\t\t\t\t\t<\/div>\n\t\t\t\t\t<\/div>\n\t\t\t\t<\/div>\n\t\t<div class=\"elementor-element elementor-element-440f12e7 e-flex e-con-boxed e-con e-parent\" data-id=\"440f12e7\" data-element_type=\"container\">\n\t\t\t\t\t<div class=\"e-con-inner\">\n\t\t\t\t<div class=\"elementor-element elementor-element-567dc6ac elementor-widget elementor-widget-heading\" data-id=\"567dc6ac\" data-element_type=\"widget\" data-widget_type=\"heading.default\">\n\t\t\t\t\t<h2 class=\"elementor-heading-title elementor-size-default\">To dopiero pocz\u0105tek<\/h2>\t\t\t\t<\/div>\n\t\t\t\t<div class=\"elementor-element elementor-element-165e5b90 elementor-widget__width-initial elementor-widget elementor-widget-text-editor\" data-id=\"165e5b90\" data-element_type=\"widget\" data-widget_type=\"text-editor.default\">\n\t\t\t\t\t\t\t\t\t<p>Je\u015bli co\u015b tutaj przyci\u0105gn\u0119\u0142o Twoj\u0105 uwag\u0119, to dobry moment, by zrobi\u0107 kolejny krok.<\/p>\t\t\t\t\t\t\t\t<\/div>\n\t\t\t\t<div class=\"elementor-element elementor-element-55e23e7e elementor-align-center elementor-invisible elementor-widget elementor-widget-button\" data-id=\"55e23e7e\" data-element_type=\"widget\" data-settings=\"{&quot;_animation&quot;:&quot;fadeInDown&quot;}\" data-widget_type=\"button.default\">\n\t\t\t\t\t\t\t\t\t\t<a class=\"elementor-button elementor-button-link elementor-size-sm\" href=\"https:\/\/3rok.pl\/d05\/kontakt-2\/\">\n\t\t\t\t\t\t<span class=\"elementor-button-content-wrapper\">\n\t\t\t\t\t\t\t\t\t<span class=\"elementor-button-text\">Skontaktuj si\u0119 ze mn\u0105<\/span>\n\t\t\t\t\t<\/span>\n\t\t\t\t\t<\/a>\n\t\t\t\t\t\t\t\t<\/div>\n\t\t\t\t\t<\/div>\n\t\t\t\t<\/div>\n\t\t<div class=\"elementor-element elementor-element-5470f38 e-flex e-con-boxed e-con e-parent\" data-id=\"5470f38\" data-element_type=\"container\">\n\t\t\t\t\t<div class=\"e-con-inner\">\n\t\t\t\t\t<\/div>\n\t\t\t\t<\/div>\n\t\t\t\t<\/div>\n\t\t","protected":false},"excerpt":{"rendered":"<p>Galeria Zbi\u00f3r moich wybranych prac i \u0107wicze\u0144 projektowych Projektowanie komunikacji wizualnej Projektowanie 3D Projektowanie graficzne Projektowanie komunikacji wizualnej Projektowanie graficzne i modelowanie 3D Projektowanie zr\u00f3wnowa\u017cone To dopiero pocz\u0105tek Je\u015bli co\u015b tutaj przyci\u0105gn\u0119\u0142o Twoj\u0105 uwag\u0119, to dobry moment, by zrobi\u0107 kolejny krok. Skontaktuj si\u0119 ze mn\u0105<\/p>\n","protected":false},"author":1,"featured_media":51,"parent":0,"menu_order":0,"comment_status":"closed","ping_status":"closed","template":"elementor_header_footer","meta":{"footnotes":""},"class_list":["post-40","page","type-page","status-publish","has-post-thumbnail","hentry"],"_links":{"self":[{"href":"https:\/\/3rok.pl\/d05\/wp-json\/wp\/v2\/pages\/40","targetHints":{"allow":["GET"]}}],"collection":[{"href":"https:\/\/3rok.pl\/d05\/wp-json\/wp\/v2\/pages"}],"about":[{"href":"https:\/\/3rok.pl\/d05\/wp-json\/wp\/v2\/types\/page"}],"author":[{"embeddable":true,"href":"https:\/\/3rok.pl\/d05\/wp-json\/wp\/v2\/users\/1"}],"replies":[{"embeddable":true,"href":"https:\/\/3rok.pl\/d05\/wp-json\/wp\/v2\/comments?post=40"}],"version-history":[{"count":32,"href":"https:\/\/3rok.pl\/d05\/wp-json\/wp\/v2\/pages\/40\/revisions"}],"predecessor-version":[{"id":539,"href":"https:\/\/3rok.pl\/d05\/wp-json\/wp\/v2\/pages\/40\/revisions\/539"}],"wp:featuredmedia":[{"embeddable":true,"href":"https:\/\/3rok.pl\/d05\/wp-json\/wp\/v2\/media\/51"}],"wp:attachment":[{"href":"https:\/\/3rok.pl\/d05\/wp-json\/wp\/v2\/media?parent=40"}],"curies":[{"name":"wp","href":"https:\/\/api.w.org\/{rel}","templated":true}]}}