{"id":348,"date":"2026-02-05T21:28:01","date_gmt":"2026-02-05T20:28:01","guid":{"rendered":"https:\/\/3rok.pl\/d05\/?page_id=348"},"modified":"2026-02-07T22:44:56","modified_gmt":"2026-02-07T21:44:56","slug":"kontakt-2","status":"publish","type":"page","link":"https:\/\/3rok.pl\/d05\/kontakt-2\/","title":{"rendered":"Kontakt"},"content":{"rendered":"\t\t<div data-elementor-type=\"wp-page\" data-elementor-id=\"348\" class=\"elementor elementor-348\">\n\t\t\t\t<div class=\"elementor-element elementor-element-6d052474 e-con-full e-flex e-con e-parent\" data-id=\"6d052474\" data-element_type=\"container\">\n\t\t<div class=\"elementor-element elementor-element-453afc61 e-con-full e-flex e-con e-child\" data-id=\"453afc61\" data-element_type=\"container\">\n\t\t\t\t<div class=\"elementor-element elementor-element-5d10f65e elementor-widget__width-initial elementor-widget elementor-widget-heading\" data-id=\"5d10f65e\" data-element_type=\"widget\" data-widget_type=\"heading.default\">\n\t\t\t\t\t<h1 class=\"elementor-heading-title elementor-size-default\">Kontakt<\/h1>\t\t\t\t<\/div>\n\t\t\t\t<div class=\"elementor-element elementor-element-531005e5 elementor-widget-divider--view-line elementor-widget elementor-widget-divider\" data-id=\"531005e5\" data-element_type=\"widget\" data-widget_type=\"divider.default\">\n\t\t\t\t\t\t\t<div class=\"elementor-divider\">\n\t\t\t<span class=\"elementor-divider-separator\">\n\t\t\t\t\t\t<\/span>\n\t\t<\/div>\n\t\t\t\t\t\t<\/div>\n\t\t<div class=\"elementor-element elementor-element-77da0f66 e-con-full e-flex e-con e-child\" data-id=\"77da0f66\" data-element_type=\"container\">\n\t\t\t\t<div class=\"elementor-element elementor-element-3e52a42d elementor-widget elementor-widget-heading\" data-id=\"3e52a42d\" data-element_type=\"widget\" data-widget_type=\"heading.default\">\n\t\t\t\t\t<h2 class=\"elementor-heading-title elementor-size-default\">Gdzie mo\u017cesz mnie znale\u017a\u0107?<\/h2>\t\t\t\t<\/div>\n\t\t\t\t<div class=\"elementor-element elementor-element-3d5aabbe elementor-icon-list--layout-traditional elementor-list-item-link-full_width elementor-widget elementor-widget-icon-list\" data-id=\"3d5aabbe\" data-element_type=\"widget\" data-widget_type=\"icon-list.default\">\n\t\t\t\t\t\t\t<ul class=\"elementor-icon-list-items\">\n\t\t\t\t\t\t\t<li class=\"elementor-icon-list-item\">\n\t\t\t\t\t\t\t\t\t\t\t<span class=\"elementor-icon-list-icon\">\n\t\t\t\t\t\t\t<svg xmlns=\"http:\/\/www.w3.org\/2000\/svg\" id=\"Warstwa_2\" data-name=\"Warstwa 2\" viewBox=\"0 0 33.18 33.18\"><g id=\"Warstwa_1-2\" data-name=\"Warstwa 1\"><path d=\"M16.59,0C7.43,0,0,7.43,0,16.59s7.43,16.59,16.59,16.59,16.59-7.43,16.59-16.59S25.75,0,16.59,0ZM26.64,20.6c0,3.33-2.71,6.04-6.04,6.04h-8.03c-3.33,0-6.04-2.71-6.04-6.04v-8.03c0-3.33,2.71-6.04,6.04-6.04h8.03c3.33,0,6.04,2.71,6.04,6.04v8.03ZM19.84,16.59c0,1.75-1.42,3.17-3.17,3.17s-3.17-1.42-3.17-3.17,1.42-3.17,3.17-3.17,3.17,1.42,3.17,3.17ZM20.6,8.42h-8.03c-2.29,0-4.15,1.86-4.15,4.15v8.03c0,2.29,1.86,4.15,4.15,4.15h8.03c2.29,0,4.15-1.86,4.15-4.15v-8.03c0-2.29-1.86-4.15-4.15-4.15ZM16.67,21.54c-2.73,0-4.95-2.22-4.95-4.95s2.22-4.95,4.95-4.95,4.95,2.22,4.95,4.95-2.22,4.95-4.95,4.95ZM21.91,12.48c-.65,0-1.18-.53-1.18-1.18s.53-1.18,1.18-1.18,1.18.53,1.18,1.18-.53,1.18-1.18,1.18Z\"><\/path><\/g><\/svg>\t\t\t\t\t\t<\/span>\n\t\t\t\t\t\t\t\t\t\t<span class=\"elementor-icon-list-text\">https:\/\/www.instagram.com\/monika.pochron\/<\/span>\n\t\t\t\t\t\t\t\t\t<\/li>\n\t\t\t\t\t\t\t\t<li class=\"elementor-icon-list-item\">\n\t\t\t\t\t\t\t\t\t\t\t<span class=\"elementor-icon-list-icon\">\n\t\t\t\t\t\t\t<svg xmlns=\"http:\/\/www.w3.org\/2000\/svg\" id=\"Warstwa_2\" data-name=\"Warstwa 2\" viewBox=\"0 0 33.18 33.18\"><g id=\"Warstwa_1-2\" data-name=\"Warstwa 1\"><path d=\"M16.59,0C7.43,0,0,7.43,0,16.59s7.43,16.59,16.59,16.59,16.59-7.43,16.59-16.59S25.75,0,16.59,0ZM23.12,8.38h-1.94c-1.91,0-2.51,1.19-2.51,2.41v2.89h4.27l-.68,4.45h-3.59v10.77h-4.82v-10.77h-3.91v-4.45h3.91v-3.39c0-3.86,2.3-5.99,5.82-5.99,1.69,0,3.45.3,3.45.3v3.79Z\"><\/path><\/g><\/svg>\t\t\t\t\t\t<\/span>\n\t\t\t\t\t\t\t\t\t\t<span class=\"elementor-icon-list-text\">https:\/\/www.facebook.com\/monika.pochron.92<\/span>\n\t\t\t\t\t\t\t\t\t<\/li>\n\t\t\t\t\t\t<\/ul>\n\t\t\t\t\t\t<\/div>\n\t\t\t\t<\/div>\n\t\t<div class=\"elementor-element elementor-element-71a580ab e-con-full e-flex e-con e-child\" data-id=\"71a580ab\" data-element_type=\"container\">\n\t\t\t\t<div class=\"elementor-element elementor-element-675930e2 elementor-widget elementor-widget-heading\" data-id=\"675930e2\" data-element_type=\"widget\" data-widget_type=\"heading.default\">\n\t\t\t\t\t<h2 class=\"elementor-heading-title elementor-size-default\">Kontakt<\/h2>\t\t\t\t<\/div>\n\t\t\t\t<div class=\"elementor-element elementor-element-68627f83 elementor-icon-list--layout-traditional elementor-list-item-link-full_width elementor-widget elementor-widget-icon-list\" data-id=\"68627f83\" data-element_type=\"widget\" data-widget_type=\"icon-list.default\">\n\t\t\t\t\t\t\t<ul class=\"elementor-icon-list-items\">\n\t\t\t\t\t\t\t<li class=\"elementor-icon-list-item\">\n\t\t\t\t\t\t\t\t\t\t<span class=\"elementor-icon-list-text\">123 456 789<\/span>\n\t\t\t\t\t\t\t\t\t<\/li>\n\t\t\t\t\t\t\t\t<li class=\"elementor-icon-list-item\">\n\t\t\t\t\t\t\t\t\t\t<span class=\"elementor-icon-list-text\">monika_pochron@gmail.com<\/span>\n\t\t\t\t\t\t\t\t\t<\/li>\n\t\t\t\t\t\t<\/ul>\n\t\t\t\t\t\t<\/div>\n\t\t\t\t<\/div>\n\t\t<div class=\"elementor-element elementor-element-5bafbbb e-con-full e-flex e-con e-child\" data-id=\"5bafbbb\" data-element_type=\"container\">\n\t\t\t\t<div class=\"elementor-element elementor-element-5ff19d8b elementor-widget elementor-widget-heading\" data-id=\"5ff19d8b\" data-element_type=\"widget\" data-widget_type=\"heading.default\">\n\t\t\t\t\t<h2 class=\"elementor-heading-title elementor-size-default\">adres<\/h2>\t\t\t\t<\/div>\n\t\t\t\t<div class=\"elementor-element elementor-element-1265284d elementor-widget elementor-widget-text-editor\" data-id=\"1265284d\" data-element_type=\"widget\" data-widget_type=\"text-editor.default\">\n\t\t\t\t\t\t\t\t\t<p>Mickiewicza 8, 33-100 Tarn\u00f3w<\/p>\t\t\t\t\t\t\t\t<\/div>\n\t\t\t\t<div class=\"elementor-element elementor-element-626cb9f elementor-widget-divider--view-line elementor-widget elementor-widget-divider\" data-id=\"626cb9f\" data-element_type=\"widget\" data-widget_type=\"divider.default\">\n\t\t\t\t\t\t\t<div class=\"elementor-divider\">\n\t\t\t<span class=\"elementor-divider-separator\">\n\t\t\t\t\t\t<\/span>\n\t\t<\/div>\n\t\t\t\t\t\t<\/div>\n\t\t\t\t<div class=\"elementor-element elementor-element-a135c1d elementor-widget elementor-widget-shortcode\" data-id=\"a135c1d\" data-element_type=\"widget\" data-widget_type=\"shortcode.default\">\n\t\t\t\t\t\t\t<div class=\"elementor-shortcode\">\n<div class=\"wpcf7 no-js\" id=\"wpcf7-f7-o1\" lang=\"pl-PL\" dir=\"ltr\" data-wpcf7-id=\"7\">\n<div class=\"screen-reader-response\"><p role=\"status\" aria-live=\"polite\" aria-atomic=\"true\"><\/p> <ul><\/ul><\/div>\n<form action=\"\/d05\/wp-json\/wp\/v2\/pages\/348#wpcf7-f7-o1\" method=\"post\" class=\"wpcf7-form init\" aria-label=\"Formularz kontaktowy\" novalidate=\"novalidate\" data-status=\"init\">\n<fieldset class=\"hidden-fields-container\"><input type=\"hidden\" name=\"_wpcf7\" value=\"7\" \/><input type=\"hidden\" name=\"_wpcf7_version\" value=\"6.1.4\" \/><input type=\"hidden\" name=\"_wpcf7_locale\" value=\"pl_PL\" \/><input type=\"hidden\" name=\"_wpcf7_unit_tag\" value=\"wpcf7-f7-o1\" \/><input type=\"hidden\" name=\"_wpcf7_container_post\" value=\"0\" \/><input type=\"hidden\" name=\"_wpcf7_posted_data_hash\" value=\"\" \/>\n<\/fieldset>\n\t\t\t\t<style>\n\t\t\t\t\t.uacf7-uacf7style-7 label {\n\t\t\t\t\t\tfont-size: 16px;font-family: poppins;font-style: normal;font-weight: normal;\t\t\t\t\t}\n\n\t\t\t\t\t.uacf7-uacf7style-7 input[type=\"email\"],\n\t\t\t\t\t.uacf7-uacf7style-7 input[type=\"number\"],\n\t\t\t\t\t.uacf7-uacf7style-7 input[type=\"password\"],\n\t\t\t\t\t.uacf7-uacf7style-7 input[type=\"search\"],\n\t\t\t\t\t.uacf7-uacf7style-7 input[type=\"tel\"],\n\t\t\t\t\t.uacf7-uacf7style-7 input[type=\"text\"],\n\t\t\t\t\t.uacf7-uacf7style-7 input[type=\"url\"],\n\t\t\t\t\t.uacf7-uacf7style-7 input[type=\"date\"],\n\t\t\t\t\t.uacf7-uacf7style-7 input[type=\"radio\"],\n\t\t\t\t\t.uacf7-uacf7style-7 input[type=\"checkbox\"],\n\t\t\t\t\t.uacf7-uacf7style-7 select,\n\t\t\t\t\t.uacf7-uacf7style-7 textarea {\n\t\t\t\t\t\tfont-style: normal;font-weight: normal;border-style: solid!important;\t\t\t\t\t}\n\n\t\t\t\t\t.uacf7-uacf7style-7 .wpcf7-radio span,\n\t\t\t\t\t.uacf7-uacf7style-7 .wpcf7-checkbox span {\n\t\t\t\t\t\tfont-style: normal;font-weight: normal;\t\t\t\t\t}\n\n\t\t\t\t\t.uacf7-uacf7style-7 textarea {\n\t\t\t\t\t\t\t\t\t\t\t}\n\n\t\t\t\t\t.wpcf7-form-control-wrap select {\n\t\t\t\t\t\twidth: 100%;\n\t\t\t\t\t}\n\n\t\t\t\t\t.uacf7-uacf7style-7 input[type=\"submit\"] {\n\t\t\t\t\t\tcolor: #ffffff;background-color: #467ff7;font-style: normal;font-weight: normal;border-style: none;\t\t\t\t\t}\n\n\t\t\t\t\t.uacf7-uacf7style-7 input[type=\"submit\"]:hover {\n\t\t\t\t\t\tbackground-color: #2265f7;\t\t\t\t\t}\n\n\t\t\t\t\t\t\t\t\t<\/style>\n\n\t\t\t\t<div class=\"uacf7-uacf7style uacf7-uacf7style-7\"><div class=\"uacf7-form-wrapper-container uacf7-form-7  uacf7-uacf7style uacf7-uacf7style-7\"><label> Twoje imi\u0119 i nazwisko\n    <span class=\"wpcf7-form-control-wrap\" data-name=\"your-name\"><input size=\"40\" maxlength=\"400\" class=\"wpcf7-form-control wpcf7-text wpcf7-validates-as-required\" autocomplete=\"name\" aria-required=\"true\" aria-invalid=\"false\" value=\"\" type=\"text\" name=\"your-name\" \/><\/span> <\/label>\n\n<label> Tw\u00f3j adres e-mail\n    <span class=\"wpcf7-form-control-wrap\" data-name=\"your-email\"><input size=\"40\" maxlength=\"400\" class=\"wpcf7-form-control wpcf7-email wpcf7-validates-as-required wpcf7-text wpcf7-validates-as-email\" autocomplete=\"email\" aria-required=\"true\" aria-invalid=\"false\" value=\"\" type=\"email\" name=\"your-email\" \/><\/span> <\/label>\n\n<label> Temat\n    <span class=\"wpcf7-form-control-wrap\" data-name=\"your-subject\"><input size=\"40\" maxlength=\"400\" class=\"wpcf7-form-control wpcf7-text wpcf7-validates-as-required\" aria-required=\"true\" aria-invalid=\"false\" value=\"\" type=\"text\" name=\"your-subject\" \/><\/span> <\/label>\n\n<label> Twoja wiadomo\u015bci (opcjonalne)\n    <span class=\"wpcf7-form-control-wrap\" data-name=\"your-message\"><textarea cols=\"40\" rows=\"10\" maxlength=\"2000\" class=\"wpcf7-form-control wpcf7-textarea\" aria-invalid=\"false\" name=\"your-message\"><\/textarea><\/span> <\/label>\n\n<input class=\"wpcf7-form-control wpcf7-submit has-spinner\" type=\"submit\" value=\"Wy\u015blij\" \/><\/div><\/div><div class=\"wpcf7-response-output\" aria-hidden=\"true\"><\/div>\n<\/form>\n<\/div>\n<\/div>\n\t\t\t\t\t\t<\/div>\n\t\t\t\t<\/div>\n\t\t\t\t<\/div>\n\t\t<div class=\"elementor-element elementor-element-614a4d66 e-con-full e-flex e-con e-child\" data-id=\"614a4d66\" data-element_type=\"container\" data-settings=\"{&quot;background_background&quot;:&quot;classic&quot;}\">\n\t\t\t\t<div class=\"elementor-element elementor-element-fd364a6 elementor-widget elementor-widget-image\" data-id=\"fd364a6\" data-element_type=\"widget\" data-widget_type=\"image.default\">\n\t\t\t\t\t\t\t\t\t\t\t\t\t\t\t<img fetchpriority=\"high\" decoding=\"async\" width=\"750\" height=\"825\" src=\"https:\/\/3rok.pl\/d05\/wp-content\/uploads\/2026\/02\/2-931x1024.jpg\" class=\"attachment-large size-large wp-image-379\" alt=\"\" srcset=\"https:\/\/3rok.pl\/d05\/wp-content\/uploads\/2026\/02\/2-931x1024.jpg 931w, https:\/\/3rok.pl\/d05\/wp-content\/uploads\/2026\/02\/2-273x300.jpg 273w, https:\/\/3rok.pl\/d05\/wp-content\/uploads\/2026\/02\/2-768x845.jpg 768w, https:\/\/3rok.pl\/d05\/wp-content\/uploads\/2026\/02\/2-1396x1536.jpg 1396w, https:\/\/3rok.pl\/d05\/wp-content\/uploads\/2026\/02\/2-1861x2048.jpg 1861w, https:\/\/3rok.pl\/d05\/wp-content\/uploads\/2026\/02\/2-55x60.jpg 55w\" sizes=\"(max-width: 750px) 100vw, 750px\" \/>\t\t\t\t\t\t\t\t\t\t\t\t\t\t\t<\/div>\n\t\t\t\t<\/div>\n\t\t\t\t<\/div>\n\t\t<div class=\"elementor-element elementor-element-61aedc0f e-con-full e-flex e-con e-parent\" data-id=\"61aedc0f\" data-element_type=\"container\" data-settings=\"{&quot;background_background&quot;:&quot;classic&quot;}\">\n\t\t<div class=\"elementor-element elementor-element-64960c9a e-con-full e-flex e-con e-child\" data-id=\"64960c9a\" data-element_type=\"container\">\n\t\t\t\t<div class=\"elementor-element elementor-element-6b553867 elementor-widget elementor-widget-google_maps\" data-id=\"6b553867\" data-element_type=\"widget\" data-widget_type=\"google_maps.default\">\n\t\t\t\t\t\t\t<div class=\"elementor-custom-embed\">\n\t\t\t<iframe loading=\"lazy\"\n\t\t\t\t\tsrc=\"https:\/\/maps.google.com\/maps?q=Akademia%20Tarnowska&#038;t=m&#038;z=17&#038;output=embed&#038;iwloc=near\"\n\t\t\t\t\ttitle=\"Akademia Tarnowska\"\n\t\t\t\t\taria-label=\"Akademia Tarnowska\"\n\t\t\t><\/iframe>\n\t\t<\/div>\n\t\t\t\t\t\t<\/div>\n\t\t\t\t<\/div>\n\t\t<div class=\"elementor-element elementor-element-5b7d19b9 e-con-full e-flex e-con e-child\" data-id=\"5b7d19b9\" data-element_type=\"container\">\n\t\t\t\t<div class=\"elementor-element elementor-element-513dce00 elementor-widget elementor-widget-heading\" data-id=\"513dce00\" data-element_type=\"widget\" data-widget_type=\"heading.default\">\n\t\t\t\t\t<h1 class=\"elementor-heading-title elementor-size-default\">Odwied\u017a mnie<\/h1>\t\t\t\t<\/div>\n\t\t\t\t<div class=\"elementor-element elementor-element-38d883d6 elementor-widget-divider--view-line elementor-widget elementor-widget-divider\" data-id=\"38d883d6\" data-element_type=\"widget\" data-widget_type=\"divider.default\">\n\t\t\t\t\t\t\t<div class=\"elementor-divider\">\n\t\t\t<span class=\"elementor-divider-separator\">\n\t\t\t\t\t\t<\/span>\n\t\t<\/div>\n\t\t\t\t\t\t<\/div>\n\t\t\t\t<div class=\"elementor-element elementor-element-257e52de elementor-widget__width-initial elementor-widget elementor-widget-text-editor\" data-id=\"257e52de\" data-element_type=\"widget\" data-widget_type=\"text-editor.default\">\n\t\t\t\t\t\t\t\t\t<p>Mickiewicza 8, 33-100 Tarn\u00f3w<\/p>\t\t\t\t\t\t\t\t<\/div>\n\t\t\t\t<\/div>\n\t\t\t\t<\/div>\n\t\t<div class=\"elementor-element elementor-element-b29a941 e-flex e-con-boxed e-con e-parent\" data-id=\"b29a941\" data-element_type=\"container\">\n\t\t\t\t\t<div class=\"e-con-inner\">\n\t\t\t\t\t<\/div>\n\t\t\t\t<\/div>\n\t\t\t\t<\/div>\n\t\t","protected":false},"excerpt":{"rendered":"<p>Kontakt Gdzie mo\u017cesz mnie znale\u017a\u0107? https:\/\/www.instagram.com\/monika.pochron\/ https:\/\/www.facebook.com\/monika.pochron.92 Kontakt 123 456 789 monika_pochron@gmail.com adres Mickiewicza 8, 33-100 Tarn\u00f3w Odwied\u017a mnie Mickiewicza 8, 33-100 Tarn\u00f3w<\/p>\n","protected":false},"author":1,"featured_media":39,"parent":0,"menu_order":0,"comment_status":"closed","ping_status":"closed","template":"elementor_header_footer","meta":{"footnotes":""},"class_list":["post-348","page","type-page","status-publish","has-post-thumbnail","hentry"],"_links":{"self":[{"href":"https:\/\/3rok.pl\/d05\/wp-json\/wp\/v2\/pages\/348","targetHints":{"allow":["GET"]}}],"collection":[{"href":"https:\/\/3rok.pl\/d05\/wp-json\/wp\/v2\/pages"}],"about":[{"href":"https:\/\/3rok.pl\/d05\/wp-json\/wp\/v2\/types\/page"}],"author":[{"embeddable":true,"href":"https:\/\/3rok.pl\/d05\/wp-json\/wp\/v2\/users\/1"}],"replies":[{"embeddable":true,"href":"https:\/\/3rok.pl\/d05\/wp-json\/wp\/v2\/comments?post=348"}],"version-history":[{"count":24,"href":"https:\/\/3rok.pl\/d05\/wp-json\/wp\/v2\/pages\/348\/revisions"}],"predecessor-version":[{"id":447,"href":"https:\/\/3rok.pl\/d05\/wp-json\/wp\/v2\/pages\/348\/revisions\/447"}],"wp:featuredmedia":[{"embeddable":true,"href":"https:\/\/3rok.pl\/d05\/wp-json\/wp\/v2\/media\/39"}],"wp:attachment":[{"href":"https:\/\/3rok.pl\/d05\/wp-json\/wp\/v2\/media?parent=348"}],"curies":[{"name":"wp","href":"https:\/\/api.w.org\/{rel}","templated":true}]}}