{"id":394,"date":"2026-01-22T23:23:33","date_gmt":"2026-01-22T22:23:33","guid":{"rendered":"https:\/\/3rok.pl\/d02\/biography\/"},"modified":"2026-02-05T16:15:28","modified_gmt":"2026-02-05T15:15:28","slug":"biography","status":"publish","type":"page","link":"https:\/\/3rok.pl\/d02\/biography\/","title":{"rendered":"O MNIE"},"content":{"rendered":"\t\t<div data-elementor-type=\"wp-page\" data-elementor-id=\"394\" class=\"elementor elementor-394\">\n\t\t\t\t<div class=\"elementor-element elementor-element-ea58892 e-flex e-con-boxed e-con e-parent\" data-id=\"ea58892\" data-element_type=\"container\" data-e-type=\"container\" data-settings=\"{&quot;background_background&quot;:&quot;slideshow&quot;,&quot;background_slideshow_gallery&quot;:[],&quot;background_slideshow_loop&quot;:&quot;yes&quot;,&quot;background_slideshow_slide_duration&quot;:5000,&quot;background_slideshow_slide_transition&quot;:&quot;fade&quot;,&quot;background_slideshow_transition_duration&quot;:500}\">\n\t\t\t\t\t<div class=\"e-con-inner\">\n\t\t<div class=\"elementor-element elementor-element-db15144 e-con-full e-flex e-con e-child\" data-id=\"db15144\" data-element_type=\"container\" data-e-type=\"container\">\n\t\t\t\t<div class=\"elementor-element elementor-element-2ed3dc3 elementor-widget elementor-widget-heading\" data-id=\"2ed3dc3\" data-element_type=\"widget\" data-e-type=\"widget\" data-widget_type=\"heading.default\">\n\t\t\t\t<div class=\"elementor-widget-container\">\n\t\t\t\t\t<h1 class=\"elementor-heading-title elementor-size-default\">O MNIE <\/h1>\t\t\t\t<\/div>\n\t\t\t\t<\/div>\n\t\t\t\t<\/div>\n\t\t\t\t\t<\/div>\n\t\t\t\t<\/div>\n\t\t<div class=\"elementor-element elementor-element-d894bdd e-con-full e-flex e-con e-parent\" data-id=\"d894bdd\" data-element_type=\"container\" data-e-type=\"container\">\n\t\t<div class=\"elementor-element elementor-element-e6b0b1b e-con-full e-flex e-con e-child\" data-id=\"e6b0b1b\" data-element_type=\"container\" data-e-type=\"container\">\n\t\t\t\t<div class=\"elementor-element elementor-element-ec5fb68 elementor-widget elementor-widget-image\" data-id=\"ec5fb68\" data-element_type=\"widget\" data-e-type=\"widget\" data-widget_type=\"image.default\">\n\t\t\t\t<div class=\"elementor-widget-container\">\n\t\t\t\t\t\t\t\t\t\t\t\t\t\t\t<img fetchpriority=\"high\" decoding=\"async\" width=\"1024\" height=\"1024\" src=\"https:\/\/3rok.pl\/d02\/wp-content\/uploads\/2026\/01\/521272560_4106244496314362_140298227861372105_n-1024x1024.jpg\" class=\"attachment-large size-large wp-image-1247\" alt=\"521272560 4106244496314362 140298227861372105 n\" srcset=\"https:\/\/3rok.pl\/d02\/wp-content\/uploads\/2026\/01\/521272560_4106244496314362_140298227861372105_n-1024x1024.jpg 1024w, https:\/\/3rok.pl\/d02\/wp-content\/uploads\/2026\/01\/521272560_4106244496314362_140298227861372105_n-300x300.jpg 300w, https:\/\/3rok.pl\/d02\/wp-content\/uploads\/2026\/01\/521272560_4106244496314362_140298227861372105_n-150x150.jpg 150w, https:\/\/3rok.pl\/d02\/wp-content\/uploads\/2026\/01\/521272560_4106244496314362_140298227861372105_n-768x768.jpg 768w, https:\/\/3rok.pl\/d02\/wp-content\/uploads\/2026\/01\/521272560_4106244496314362_140298227861372105_n.jpg 1057w\" sizes=\"(max-width: 1024px) 100vw, 1024px\" title=\"O MNIE\">\t\t\t\t\t\t\t\t\t\t\t\t\t\t\t<\/div>\n\t\t\t\t<\/div>\n\t\t\t\t<\/div>\n\t\t<div class=\"elementor-element elementor-element-4b13b4e e-con-full e-flex e-con e-child\" data-id=\"4b13b4e\" data-element_type=\"container\" data-e-type=\"container\">\n\t\t\t\t<div class=\"elementor-element elementor-element-c1c7d15 elementor-widget elementor-widget-heading\" data-id=\"c1c7d15\" data-element_type=\"widget\" data-e-type=\"widget\" data-widget_type=\"heading.default\">\n\t\t\t\t<div class=\"elementor-widget-container\">\n\t\t\t\t\t<h2 class=\"elementor-heading-title elementor-size-default\">mI\u0118DZY FORM\u0104 A FUNKCJ\u0104<\/h2>\t\t\t\t<\/div>\n\t\t\t\t<\/div>\n\t\t\t\t<div class=\"elementor-element elementor-element-ca7a698 elementor-widget-divider--view-line elementor-widget elementor-widget-divider\" data-id=\"ca7a698\" data-element_type=\"widget\" data-e-type=\"widget\" data-widget_type=\"divider.default\">\n\t\t\t\t<div class=\"elementor-widget-container\">\n\t\t\t\t\t\t\t<div class=\"elementor-divider\">\n\t\t\t<span class=\"elementor-divider-separator\">\n\t\t\t\t\t\t<\/span>\n\t\t<\/div>\n\t\t\t\t\t\t<\/div>\n\t\t\t\t<\/div>\n\t\t\t\t<div class=\"elementor-element elementor-element-bd2b434 elementor-widget elementor-widget-heading\" data-id=\"bd2b434\" data-element_type=\"widget\" data-e-type=\"widget\" data-widget_type=\"heading.default\">\n\t\t\t\t<div class=\"elementor-widget-container\">\n\t\t\t\t\t<h2 class=\"elementor-heading-title elementor-size-default\">Jestem projektantk\u0105 i graficzk\u0105 specjalizuj\u0105c\u0105 si\u0119 w grafice 2D oraz projektowaniu 3D.\u00a0\nTworz\u0119 plakaty, identyfikacje wizualne, zdj\u0119cia, modele i wiele innych.\n<\/h2>\t\t\t\t<\/div>\n\t\t\t\t<\/div>\n\t\t<div class=\"elementor-element elementor-element-5724e21 e-con-full e-flex e-con e-child\" data-id=\"5724e21\" data-element_type=\"container\" data-e-type=\"container\">\n\t\t\t\t<div class=\"elementor-element elementor-element-7a427e0 elementor-widget-divider--view-line elementor-widget elementor-widget-divider\" data-id=\"7a427e0\" data-element_type=\"widget\" data-e-type=\"widget\" data-widget_type=\"divider.default\">\n\t\t\t\t<div class=\"elementor-widget-container\">\n\t\t\t\t\t\t\t<div class=\"elementor-divider\">\n\t\t\t<span class=\"elementor-divider-separator\">\n\t\t\t\t\t\t<\/span>\n\t\t<\/div>\n\t\t\t\t\t\t<\/div>\n\t\t\t\t<\/div>\n\t\t\t\t<div class=\"elementor-element elementor-element-788ce71 elementor-widget elementor-widget-heading\" data-id=\"788ce71\" data-element_type=\"widget\" data-e-type=\"widget\" data-widget_type=\"heading.default\">\n\t\t\t\t<div class=\"elementor-widget-container\">\n\t\t\t\t\t<h2 class=\"elementor-heading-title elementor-size-default\">\nLubi\u0119 proste rozwi\u0105zania, \u015bwiadome decyzje i projekty, kt\u00f3re maj\u0105 sens\u00a0 zar\u00f3wno wizualny, jak i u\u017cytkowy.<\/h2>\t\t\t\t<\/div>\n\t\t\t\t<\/div>\n\t\t\t\t<\/div>\n\t\t\t\t<\/div>\n\t\t\t\t<\/div>\n\t\t<div class=\"elementor-element elementor-element-d06256c e-con-full e-flex e-con e-parent\" data-id=\"d06256c\" data-element_type=\"container\" data-e-type=\"container\" data-settings=\"{&quot;background_background&quot;:&quot;slideshow&quot;,&quot;background_slideshow_gallery&quot;:[{&quot;id&quot;:1461,&quot;url&quot;:&quot;https:\\\/\\\/3rok.pl\\\/d02\\\/wp-content\\\/uploads\\\/2026\\\/02\\\/Zrzut-ekranu-2026-02-05-122746.png&quot;}],&quot;background_slideshow_loop&quot;:&quot;yes&quot;,&quot;background_slideshow_slide_duration&quot;:5000,&quot;background_slideshow_slide_transition&quot;:&quot;fade&quot;,&quot;background_slideshow_transition_duration&quot;:500}\">\n\t\t\t\t<div class=\"elementor-element elementor-element-4300033 elementor-widget-divider--view-line elementor-widget elementor-widget-divider\" data-id=\"4300033\" data-element_type=\"widget\" data-e-type=\"widget\" data-widget_type=\"divider.default\">\n\t\t\t\t<div class=\"elementor-widget-container\">\n\t\t\t\t\t\t\t<div class=\"elementor-divider\">\n\t\t\t<span class=\"elementor-divider-separator\">\n\t\t\t\t\t\t<\/span>\n\t\t<\/div>\n\t\t\t\t\t\t<\/div>\n\t\t\t\t<\/div>\n\t\t<div class=\"elementor-element elementor-element-8a74854 e-con-full e-flex e-con e-child\" data-id=\"8a74854\" data-element_type=\"container\" data-e-type=\"container\" data-settings=\"{&quot;background_background&quot;:&quot;slideshow&quot;,&quot;background_slideshow_gallery&quot;:[],&quot;background_slideshow_loop&quot;:&quot;yes&quot;,&quot;background_slideshow_slide_duration&quot;:5000,&quot;background_slideshow_slide_transition&quot;:&quot;fade&quot;,&quot;background_slideshow_transition_duration&quot;:500}\">\n\t\t\t\t<div class=\"elementor-element elementor-element-0da768c elementor-widget__width-initial elementor-widget elementor-widget-heading\" data-id=\"0da768c\" data-element_type=\"widget\" data-e-type=\"widget\" data-widget_type=\"heading.default\">\n\t\t\t\t<div class=\"elementor-widget-container\">\n\t\t\t\t\t<h1 class=\"elementor-heading-title elementor-size-default\">Podczas studi\u00f3w realizowa\u0142am projekty obejmuj\u0105ce branding, projektowanie plakat\u00f3w, publikacji oraz materia\u0142\u00f3w digitalowych. Pracowa\u0142am zar\u00f3wno nad koncepcj\u0105 wizualn\u0105, jak i finalnym opracowaniem graficznym.<br> <br>Projekty obejmowa\u0142y analiz\u0119 briefu, research, tworzenie moodboard\u00f3w, szkic\u00f3w oraz finalnych layout\u00f3w.<br>\n<br>W ramach pracy projektowej rozwija\u0142am umiej\u0119tno\u015b\u0107 pracy z typografi\u0105, kolorem i kompozycj\u0105, a tak\u017ce dba\u0142o\u015b\u0107 o sp\u00f3jno\u015b\u0107 wizualn\u0105 i funkcjonalno\u015b\u0107 projekt\u00f3w. Do\u015bwiadczenie obejmuje prac\u0119 indywidualn\u0105 oraz zespo\u0142ow\u0105, z naciskiem na terminowo\u015b\u0107 i klarown\u0105 komunikacj\u0119.\n<\/h1>\t\t\t\t<\/div>\n\t\t\t\t<\/div>\n\t\t\t\t<\/div>\n\t\t<div class=\"elementor-element elementor-element-20519a0 e-con-full e-flex e-con e-child\" data-id=\"20519a0\" data-element_type=\"container\" data-e-type=\"container\">\n\t\t\t\t<div class=\"elementor-element elementor-element-87e9d54 elementor-widget__width-initial elementor-widget elementor-widget-image\" data-id=\"87e9d54\" data-element_type=\"widget\" data-e-type=\"widget\" data-widget_type=\"image.default\">\n\t\t\t\t<div class=\"elementor-widget-container\">\n\t\t\t\t\t\t\t\t\t\t\t\t\t\t\t<img decoding=\"async\" width=\"656\" height=\"895\" src=\"https:\/\/3rok.pl\/d02\/wp-content\/uploads\/2026\/02\/obraz_2026-02-05_125408229.png\" class=\"attachment-large size-large wp-image-1421\" alt=\"obraz 2026 02 05 125408229\" srcset=\"https:\/\/3rok.pl\/d02\/wp-content\/uploads\/2026\/02\/obraz_2026-02-05_125408229.png 656w, https:\/\/3rok.pl\/d02\/wp-content\/uploads\/2026\/02\/obraz_2026-02-05_125408229-220x300.png 220w\" sizes=\"(max-width: 656px) 100vw, 656px\" title=\"O MNIE\">\t\t\t\t\t\t\t\t\t\t\t\t\t\t\t<\/div>\n\t\t\t\t<\/div>\n\t\t\t\t<\/div>\n\t\t\t\t<\/div>\n\t\t\t\t<\/div>\n\t\t","protected":false},"excerpt":{"rendered":"<p>O MNIE mI\u0118DZY FORM\u0104 A FUNKCJ\u0104 Jestem projektantk\u0105 i graficzk\u0105 specjalizuj\u0105c\u0105 si\u0119 w grafice 2D oraz projektowaniu 3D.\u00a0 Tworz\u0119 plakaty, identyfikacje wizualne, zdj\u0119cia, modele i wiele innych. Lubi\u0119 proste rozwi\u0105zania, \u015bwiadome decyzje i projekty, kt\u00f3re maj\u0105 sens\u00a0 zar\u00f3wno wizualny, jak i u\u017cytkowy. Podczas studi\u00f3w realizowa\u0142am projekty obejmuj\u0105ce branding, projektowanie plakat\u00f3w, publikacji oraz materia\u0142\u00f3w digitalowych. Pracowa\u0142am [&hellip;]<\/p>\n","protected":false},"author":1,"featured_media":0,"parent":0,"menu_order":0,"comment_status":"closed","ping_status":"closed","template":"","meta":{"site-sidebar-layout":"no-sidebar","site-content-layout":"page-builder","ast-site-content-layout":"default","site-content-style":"default","site-sidebar-style":"default","ast-global-header-display":"","ast-banner-title-visibility":"","ast-main-header-display":"","ast-hfb-above-header-display":"","ast-hfb-below-header-display":"","ast-hfb-mobile-header-display":"","site-post-title":"disabled","ast-breadcrumbs-content":"disabled","ast-featured-img":"disabled","footer-sml-layout":"","ast-disable-related-posts":"","theme-transparent-header-meta":"enabled","adv-header-id-meta":"","stick-header-meta":"","header-above-stick-meta":"","header-main-stick-meta":"","header-below-stick-meta":"","astra-migrate-meta-layouts":"default","ast-page-background-enabled":"default","ast-page-background-meta":{"desktop":{"background-color":"","background-image":"","background-repeat":"repeat","background-position":"center center","background-size":"auto","background-attachment":"scroll","background-type":"","background-media":"","overlay-type":"","overlay-color":"","overlay-opacity":"","overlay-gradient":""},"tablet":{"background-color":"","background-image":"","background-repeat":"repeat","background-position":"center center","background-size":"auto","background-attachment":"scroll","background-type":"","background-media":"","overlay-type":"","overlay-color":"","overlay-opacity":"","overlay-gradient":""},"mobile":{"background-color":"","background-image":"","background-repeat":"repeat","background-position":"center center","background-size":"auto","background-attachment":"scroll","background-type":"","background-media":"","overlay-type":"","overlay-color":"","overlay-opacity":"","overlay-gradient":""}},"ast-content-background-meta":{"desktop":{"background-color":"var(--ast-global-color-5)","background-image":"","background-repeat":"repeat","background-position":"center center","background-size":"auto","background-attachment":"scroll","background-type":"","background-media":"","overlay-type":"","overlay-color":"","overlay-opacity":"","overlay-gradient":""},"tablet":{"background-color":"var(--ast-global-color-5)","background-image":"","background-repeat":"repeat","background-position":"center center","background-size":"auto","background-attachment":"scroll","background-type":"","background-media":"","overlay-type":"","overlay-color":"","overlay-opacity":"","overlay-gradient":""},"mobile":{"background-color":"var(--ast-global-color-5)","background-image":"","background-repeat":"repeat","background-position":"center center","background-size":"auto","background-attachment":"scroll","background-type":"","background-media":"","overlay-type":"","overlay-color":"","overlay-opacity":"","overlay-gradient":""}},"footnotes":""},"class_list":["post-394","page","type-page","status-publish","hentry"],"_links":{"self":[{"href":"https:\/\/3rok.pl\/d02\/wp-json\/wp\/v2\/pages\/394","targetHints":{"allow":["GET"]}}],"collection":[{"href":"https:\/\/3rok.pl\/d02\/wp-json\/wp\/v2\/pages"}],"about":[{"href":"https:\/\/3rok.pl\/d02\/wp-json\/wp\/v2\/types\/page"}],"author":[{"embeddable":true,"href":"https:\/\/3rok.pl\/d02\/wp-json\/wp\/v2\/users\/1"}],"replies":[{"embeddable":true,"href":"https:\/\/3rok.pl\/d02\/wp-json\/wp\/v2\/comments?post=394"}],"version-history":[{"count":96,"href":"https:\/\/3rok.pl\/d02\/wp-json\/wp\/v2\/pages\/394\/revisions"}],"predecessor-version":[{"id":1464,"href":"https:\/\/3rok.pl\/d02\/wp-json\/wp\/v2\/pages\/394\/revisions\/1464"}],"wp:attachment":[{"href":"https:\/\/3rok.pl\/d02\/wp-json\/wp\/v2\/media?parent=394"}],"curies":[{"name":"wp","href":"https:\/\/api.w.org\/{rel}","templated":true}]}}