{"id":19,"date":"2026-01-22T23:23:33","date_gmt":"2026-01-22T22:23:33","guid":{"rendered":"https:\/\/3rok.pl\/d02\/home\/"},"modified":"2026-02-05T17:23:07","modified_gmt":"2026-02-05T16:23:07","slug":"home","status":"publish","type":"page","link":"https:\/\/3rok.pl\/d02\/","title":{"rendered":"Home"},"content":{"rendered":"\t\t<div data-elementor-type=\"wp-page\" data-elementor-id=\"19\" class=\"elementor elementor-19\">\n\t\t\t\t<div class=\"elementor-element elementor-element-3dd9e5a e-flex e-con-boxed e-con e-parent\" data-id=\"3dd9e5a\" data-element_type=\"container\" data-e-type=\"container\" data-settings=\"{&quot;background_background&quot;:&quot;classic&quot;}\">\n\t\t\t\t\t<div class=\"e-con-inner\">\n\t\t<div class=\"elementor-element elementor-element-9da3882 e-con-full e-flex e-con e-child\" data-id=\"9da3882\" data-element_type=\"container\" data-e-type=\"container\">\n\t\t\t\t<div class=\"elementor-element elementor-element-199c377 elementor-widget elementor-widget-heading\" data-id=\"199c377\" data-element_type=\"widget\" data-e-type=\"widget\" data-widget_type=\"heading.default\">\n\t\t\t\t<div class=\"elementor-widget-container\">\n\t\t\t\t\t<h1 class=\"elementor-heading-title elementor-size-default\">Dominika Trojanowska<\/h1>\t\t\t\t<\/div>\n\t\t\t\t<\/div>\n\t\t\t\t<\/div>\n\t\t\t\t\t<\/div>\n\t\t\t\t<\/div>\n\t\t<div class=\"elementor-element elementor-element-2ee6084 e-flex e-con-boxed e-con e-parent\" data-id=\"2ee6084\" data-element_type=\"container\" data-e-type=\"container\">\n\t\t\t\t\t<div class=\"e-con-inner\">\n\t\t\t\t<div class=\"elementor-element elementor-element-c3c80be elementor-widget elementor-widget-heading\" data-id=\"c3c80be\" data-element_type=\"widget\" data-e-type=\"widget\" data-widget_type=\"heading.default\">\n\t\t\t\t<div class=\"elementor-widget-container\">\n\t\t\t\t\t<h2 class=\"elementor-heading-title elementor-size-default\">Cze\u015b\u0107! Mi\u0142o Ci\u0119 tu widzie\u0107.<\/h2>\t\t\t\t<\/div>\n\t\t\t\t<\/div>\n\t\t\t\t\t<\/div>\n\t\t\t\t<\/div>\n\t\t<div class=\"elementor-element elementor-element-4bfd956 e-flex e-con-boxed e-con e-parent\" data-id=\"4bfd956\" data-element_type=\"container\" data-e-type=\"container\">\n\t\t\t\t\t<div class=\"e-con-inner\">\n\t\t<div class=\"elementor-element elementor-element-15cf650 e-con-full e-flex e-con e-child\" data-id=\"15cf650\" data-element_type=\"container\" data-e-type=\"container\">\n\t\t\t\t<div class=\"elementor-element elementor-element-1b5123d elementor-widget elementor-widget-image\" data-id=\"1b5123d\" data-element_type=\"widget\" data-e-type=\"widget\" data-widget_type=\"image.default\">\n\t\t\t\t<div class=\"elementor-widget-container\">\n\t\t\t\t\t\t\t\t\t\t\t\t\t\t\t<img fetchpriority=\"high\" decoding=\"async\" width=\"1024\" height=\"1024\" src=\"https:\/\/3rok.pl\/d02\/wp-content\/uploads\/2026\/01\/logo-120x120.png\" class=\"attachment-large size-large wp-image-1122\" alt=\"logo\" srcset=\"https:\/\/3rok.pl\/d02\/wp-content\/uploads\/2026\/01\/logo.png 1x, https:\/\/3rok.pl\/d02\/wp-content\/uploads\/2026\/01\/logo.png 2x\" sizes=\"(max-width: 1024px) 100vw, 1024px\" title=\"Home\">\t\t\t\t\t\t\t\t\t\t\t\t\t\t\t<\/div>\n\t\t\t\t<\/div>\n\t\t\t\t<\/div>\n\t\t<div class=\"elementor-element elementor-element-6dac3c6 e-con-full e-flex e-con e-child\" data-id=\"6dac3c6\" data-element_type=\"container\" data-e-type=\"container\">\n\t\t\t\t<div class=\"elementor-element elementor-element-6ff7541 elementor-widget elementor-widget-heading\" data-id=\"6ff7541\" data-element_type=\"widget\" data-e-type=\"widget\" data-widget_type=\"heading.default\">\n\t\t\t\t<div class=\"elementor-widget-container\">\n\t\t\t\t\t<h2 class=\"elementor-heading-title elementor-size-default\">Tu mo\u017cesz zobaczy\u0107 przyk\u0142ady mojej pracy, pozna\u0107 moje podej\u015bcie do projektowania oraz dowiedzie\u0107 si\u0119, czym si\u0119 inspiruj\u0119. Niezale\u017cnie od tego, czy interesuj\u0105 Ci\u0119 konkretne projekty, czy po prostu chcesz lepiej mnie pozna\u0107, mam nadziej\u0119, \u017ce znajdziesz tu co\u015b interesuj\u0105cego.\n\n<br><\/h2>\t\t\t\t<\/div>\n\t\t\t\t<\/div>\n\t\t\t\t<\/div>\n\t\t\t\t\t<\/div>\n\t\t\t\t<\/div>\n\t\t<div class=\"elementor-element elementor-element-d013bdb e-flex e-con-boxed e-con e-parent\" data-id=\"d013bdb\" data-element_type=\"container\" data-e-type=\"container\">\n\t\t\t\t\t<div class=\"e-con-inner\">\n\t\t\t\t<div class=\"elementor-element elementor-element-eb3e337 elementor-widget elementor-widget-heading\" data-id=\"eb3e337\" data-element_type=\"widget\" data-e-type=\"widget\" data-widget_type=\"heading.default\">\n\t\t\t\t<div class=\"elementor-widget-container\">\n\t\t\t\t\t<h2 class=\"elementor-heading-title elementor-size-default\">Zapraszam do przegl\u0105dania moich prac i kontaktu, je\u015bli chcesz porozmawia\u0107 o wsp\u00f3\u0142pracy lub wymieni\u0107 si\u0119 pomys\u0142ami.<\/h2>\t\t\t\t<\/div>\n\t\t\t\t<\/div>\n\t\t\t\t\t<\/div>\n\t\t\t\t<\/div>\n\t\t\t\t<\/div>\n\t\t","protected":false},"excerpt":{"rendered":"<p>Dominika Trojanowska Cze\u015b\u0107! Mi\u0142o Ci\u0119 tu widzie\u0107. Tu mo\u017cesz zobaczy\u0107 przyk\u0142ady mojej pracy, pozna\u0107 moje podej\u015bcie do projektowania oraz dowiedzie\u0107 si\u0119, czym si\u0119 inspiruj\u0119. Niezale\u017cnie od tego, czy interesuj\u0105 Ci\u0119 konkretne projekty, czy po prostu chcesz lepiej mnie pozna\u0107, mam nadziej\u0119, \u017ce znajdziesz tu co\u015b interesuj\u0105cego. Zapraszam do przegl\u0105dania moich prac i kontaktu, je\u015bli chcesz [&hellip;]<\/p>\n","protected":false},"author":1,"featured_media":0,"parent":0,"menu_order":0,"comment_status":"closed","ping_status":"closed","template":"","meta":{"site-sidebar-layout":"no-sidebar","site-content-layout":"page-builder","ast-site-content-layout":"default","site-content-style":"default","site-sidebar-style":"default","ast-global-header-display":"","ast-banner-title-visibility":"","ast-main-header-display":"","ast-hfb-above-header-display":"","ast-hfb-below-header-display":"","ast-hfb-mobile-header-display":"","site-post-title":"disabled","ast-breadcrumbs-content":"disabled","ast-featured-img":"disabled","footer-sml-layout":"","ast-disable-related-posts":"","theme-transparent-header-meta":"enabled","adv-header-id-meta":"","stick-header-meta":"","header-above-stick-meta":"","header-main-stick-meta":"","header-below-stick-meta":"","astra-migrate-meta-layouts":"default","ast-page-background-enabled":"default","ast-page-background-meta":{"desktop":{"background-color":"","background-image":"","background-repeat":"repeat","background-position":"center center","background-size":"auto","background-attachment":"scroll","background-type":"","background-media":"","overlay-type":"","overlay-color":"","overlay-opacity":"","overlay-gradient":""},"tablet":{"background-color":"","background-image":"","background-repeat":"repeat","background-position":"center center","background-size":"auto","background-attachment":"scroll","background-type":"","background-media":"","overlay-type":"","overlay-color":"","overlay-opacity":"","overlay-gradient":""},"mobile":{"background-color":"","background-image":"","background-repeat":"repeat","background-position":"center center","background-size":"auto","background-attachment":"scroll","background-type":"","background-media":"","overlay-type":"","overlay-color":"","overlay-opacity":"","overlay-gradient":""}},"ast-content-background-meta":{"desktop":{"background-color":"var(--ast-global-color-5)","background-image":"","background-repeat":"repeat","background-position":"center center","background-size":"auto","background-attachment":"scroll","background-type":"","background-media":"","overlay-type":"","overlay-color":"","overlay-opacity":"","overlay-gradient":""},"tablet":{"background-color":"var(--ast-global-color-5)","background-image":"","background-repeat":"repeat","background-position":"center center","background-size":"auto","background-attachment":"scroll","background-type":"","background-media":"","overlay-type":"","overlay-color":"","overlay-opacity":"","overlay-gradient":""},"mobile":{"background-color":"var(--ast-global-color-5)","background-image":"","background-repeat":"repeat","background-position":"center center","background-size":"auto","background-attachment":"scroll","background-type":"","background-media":"","overlay-type":"","overlay-color":"","overlay-opacity":"","overlay-gradient":""}},"footnotes":""},"class_list":["post-19","page","type-page","status-publish","hentry"],"_links":{"self":[{"href":"https:\/\/3rok.pl\/d02\/wp-json\/wp\/v2\/pages\/19","targetHints":{"allow":["GET"]}}],"collection":[{"href":"https:\/\/3rok.pl\/d02\/wp-json\/wp\/v2\/pages"}],"about":[{"href":"https:\/\/3rok.pl\/d02\/wp-json\/wp\/v2\/types\/page"}],"author":[{"embeddable":true,"href":"https:\/\/3rok.pl\/d02\/wp-json\/wp\/v2\/users\/1"}],"replies":[{"embeddable":true,"href":"https:\/\/3rok.pl\/d02\/wp-json\/wp\/v2\/comments?post=19"}],"version-history":[{"count":51,"href":"https:\/\/3rok.pl\/d02\/wp-json\/wp\/v2\/pages\/19\/revisions"}],"predecessor-version":[{"id":1489,"href":"https:\/\/3rok.pl\/d02\/wp-json\/wp\/v2\/pages\/19\/revisions\/1489"}],"wp:attachment":[{"href":"https:\/\/3rok.pl\/d02\/wp-json\/wp\/v2\/media?parent=19"}],"curies":[{"name":"wp","href":"https:\/\/api.w.org\/{rel}","templated":true}]}}